{"id":30176,"date":"2025-03-22T18:28:35","date_gmt":"2025-03-22T17:28:35","guid":{"rendered":"https:\/\/kesh.ch\/accueil\/?page_id=30176"},"modified":"2025-05-03T16:58:02","modified_gmt":"2025-05-03T14:58:02","slug":"parcours-des-fresques","status":"publish","type":"page","link":"https:\/\/kesh.ch\/accueil\/parcours-des-fresques\/","title":{"rendered":"PARCOURS DES FRESQUES"},"content":{"rendered":"\t\t<div data-elementor-type=\"wp-page\" data-elementor-id=\"30176\" class=\"elementor elementor-30176\">\n\t\t\t\t\t\t<section class=\"elementor-section elementor-top-section elementor-element elementor-element-ccacfb1 elementor-section-boxed elementor-section-height-default elementor-section-height-default\" data-id=\"ccacfb1\" data-element_type=\"section\">\n\t\t\t\t\t\t<div class=\"elementor-container elementor-column-gap-default\">\n\t\t\t\t\t<div class=\"elementor-column elementor-col-100 elementor-top-column elementor-element elementor-element-fb31e35\" data-id=\"fb31e35\" data-element_type=\"column\">\n\t\t\t<div class=\"elementor-widget-wrap elementor-element-populated\">\n\t\t\t\t\t\t<div class=\"elementor-element elementor-element-df2015d elementor-widget elementor-widget-heading\" data-id=\"df2015d\" data-element_type=\"widget\" data-widget_type=\"heading.default\">\n\t\t\t\t<div class=\"elementor-widget-container\">\n\t\t\t\t\t<h2 class=\"elementor-heading-title elementor-size-default\">D\u00e9couvrez les fresques de Kesh \u00e0 Neuch\u00e2tel ! <\/h2>\t\t\t\t<\/div>\n\t\t\t\t<\/div>\n\t\t\t\t\t<\/div>\n\t\t<\/div>\n\t\t\t\t\t<\/div>\n\t\t<\/section>\n\t\t\t\t<section class=\"elementor-section elementor-top-section elementor-element elementor-element-a1dac0f elementor-section-boxed elementor-section-height-default elementor-section-height-default\" data-id=\"a1dac0f\" data-element_type=\"section\">\n\t\t\t\t\t\t<div class=\"elementor-container elementor-column-gap-default\">\n\t\t\t\t\t<div class=\"elementor-column elementor-col-100 elementor-top-column elementor-element elementor-element-2057770\" data-id=\"2057770\" data-element_type=\"column\">\n\t\t\t<div class=\"elementor-widget-wrap elementor-element-populated\">\n\t\t\t\t\t\t<div class=\"elementor-element elementor-element-9a436b3 elementor-widget elementor-widget-text-editor\" data-id=\"9a436b3\" data-element_type=\"widget\" data-widget_type=\"text-editor.default\">\n\t\t\t\t<div class=\"elementor-widget-container\">\n\t\t\t\t\t\t\t\t\t<p>Plongez dans l\u2019univers artistique de Kesh \u00e0 travers un parcours unique au c\u0153ur de la ville. De la po\u00e9sie murale aux fresques fantastiques en collaboration avec John Howe, chaque \u0153uvre raconte une histoire et transforme l\u2019espace urbain.<\/p><p>Parmi ces tr\u00e9sors, la <strong>fresque historique<\/strong> de Neuch\u00e2tel vous transporte dans le pass\u00e9 avec une repr\u00e9sentation saisissante du paysage d\u2019autrefois, m\u00ealant patrimoine et art contemporain.<\/p><p>\ud83d\udccd <strong>Visitez les fresques<\/strong> <strong>en autonomie<\/strong> gr\u00e2ce \u00e0 notre <a href=\"https:\/\/kesh.ch\/wp-content\/uploads\/2025\/03\/Visite-Fresques-Kesh-RVB.pdf\">Visite Fresques Kesh\u00a0<\/a><\/p><p>\ud83c\udfa8 <strong>R\u00e9servez une visite<\/strong> <strong>guid\u00e9e<\/strong> <strong>exclusive<\/strong> avec l\u2019artiste pour une immersion compl\u00e8te dans son art.<\/p><p>\ud83d\udce9 <strong>Infos &amp; r\u00e9servations<\/strong> : info@kesh.ch | 077 431 51 83<\/p><p>\ud83d\udccd Envie d\u2019en voir plus ? Retrouvez le <a href=\"https:\/\/kesh.ch\/accueil\/kesh-concept-store\/\"><strong>Kesh Concept Store<\/strong><\/a> \u00e0 l\u2019avenue du Vignoble 2A, 2000 Neuch\u00e2tel.<\/p><p>\ud83d\udca1 <strong>Envie d\u2019une exp\u00e9rience artistique interactive ?<\/strong> Profitez-en pour d\u00e9couvrir nos murs de <a href=\"https:\/\/digital-graffiti.ch\/nos-services-fixe\/#\/catalog\/2c31baf5-25d8-483e-b962-9aea633dc3cf?date=2025-03-22\"><strong>Digital Graffiti<\/strong><\/a> situ\u00e9s au Kesh Concept Store. Une technologie innovante qui vous permet de peindre virtuellement sur un mur avec de la lumi\u00e8re ! Une exp\u00e9rience ludique et unique, id\u00e9ale pour les petits (d\u00e8s 8 ans) et les grands. R\u00e9servez d\u00e8s maintenant votre session et lib\u00e9rez votre cr\u00e9ativit\u00e9 !<\/p>\t\t\t\t\t\t\t\t<\/div>\n\t\t\t\t<\/div>\n\t\t\t\t\t<\/div>\n\t\t<\/div>\n\t\t\t\t\t<\/div>\n\t\t<\/section>\n\t\t\t\t<section class=\"elementor-section elementor-top-section elementor-element elementor-element-bfe54e1 elementor-section-boxed elementor-section-height-default elementor-section-height-default\" data-id=\"bfe54e1\" data-element_type=\"section\">\n\t\t\t\t\t\t<div class=\"elementor-container elementor-column-gap-default\">\n\t\t\t\t\t<div class=\"elementor-column elementor-col-100 elementor-top-column elementor-element elementor-element-eb93724\" data-id=\"eb93724\" data-element_type=\"column\">\n\t\t\t<div class=\"elementor-widget-wrap\">\n\t\t\t\t\t\t\t<\/div>\n\t\t<\/div>\n\t\t\t\t\t<\/div>\n\t\t<\/section>\n\t\t\t\t<section class=\"elementor-section elementor-top-section elementor-element elementor-element-e869a88 elementor-section-boxed elementor-section-height-default elementor-section-height-default\" data-id=\"e869a88\" data-element_type=\"section\">\n\t\t\t\t\t\t<div class=\"elementor-container elementor-column-gap-default\">\n\t\t\t\t\t<div class=\"elementor-column elementor-col-100 elementor-top-column elementor-element elementor-element-0440965\" data-id=\"0440965\" data-element_type=\"column\">\n\t\t\t<div class=\"elementor-widget-wrap elementor-element-populated\">\n\t\t\t\t\t\t<div class=\"elementor-element elementor-element-d476012 elementor-arrows-position-inside elementor-pagination-position-outside elementor-widget elementor-widget-image-carousel\" data-id=\"d476012\" data-element_type=\"widget\" data-settings=\"{&quot;navigation&quot;:&quot;both&quot;,&quot;autoplay&quot;:&quot;yes&quot;,&quot;pause_on_hover&quot;:&quot;yes&quot;,&quot;pause_on_interaction&quot;:&quot;yes&quot;,&quot;autoplay_speed&quot;:5000,&quot;infinite&quot;:&quot;yes&quot;,&quot;speed&quot;:500}\" data-widget_type=\"image-carousel.default\">\n\t\t\t\t<div class=\"elementor-widget-container\">\n\t\t\t\t\t\t\t<div class=\"elementor-image-carousel-wrapper swiper\" role=\"region\" aria-roledescription=\"carousel\" aria-label=\"Carrousel d\u2019images\" dir=\"ltr\">\n\t\t\t<div class=\"elementor-image-carousel swiper-wrapper\" aria-live=\"off\">\n\t\t\t\t\t\t\t\t<div class=\"swiper-slide\" role=\"group\" aria-roledescription=\"slide\" aria-label=\"1 sur 5\"><a data-elementor-open-lightbox=\"yes\" data-elementor-lightbox-slideshow=\"d476012\" data-elementor-lightbox-title=\"Port Neuch\u00e2tel\" data-e-action-hash=\"#elementor-action%3Aaction%3Dlightbox%26settings%3DeyJpZCI6MzAyNTYsInVybCI6Imh0dHBzOlwvXC9rZXNoLmNoXC93cC1jb250ZW50XC91cGxvYWRzXC8yMDI1XC8wNVwvSU1HXzIwMTkwMjA3XzExMzkxNV8yNTAtc2NhbGVkLmpwZyIsInNsaWRlc2hvdyI6ImQ0NzYwMTIifQ%3D%3D\" href=\"https:\/\/kesh.ch\/wp-content\/uploads\/2025\/05\/IMG_20190207_113915_250-scaled.jpg\"><figure class=\"swiper-slide-inner\"><img decoding=\"async\" class=\"swiper-slide-image\" src=\"https:\/\/kesh.ch\/wp-content\/uploads\/2025\/05\/IMG_20190207_113915_250-300x157.jpg\" alt=\"Port Neuch\u00e2tel\" \/><\/figure><\/a><\/div><div class=\"swiper-slide\" role=\"group\" aria-roledescription=\"slide\" aria-label=\"2 sur 5\"><a data-elementor-open-lightbox=\"yes\" data-elementor-lightbox-slideshow=\"d476012\" data-elementor-lightbox-title=\"Passages des Moulins, Neuch\u00e2tel\" data-e-action-hash=\"#elementor-action%3Aaction%3Dlightbox%26settings%3DeyJpZCI6Mjk2MDksInVybCI6Imh0dHBzOlwvXC9rZXNoLmNoXC93cC1jb250ZW50XC91cGxvYWRzXC8yMDIyXC8xMFwvUGFzc2FnZXNNb3VsaW5zNC5qcGciLCJzbGlkZXNob3ciOiJkNDc2MDEyIn0%3D\" href=\"https:\/\/kesh.ch\/wp-content\/uploads\/2022\/10\/PassagesMoulins4.jpg\"><figure class=\"swiper-slide-inner\"><img decoding=\"async\" class=\"swiper-slide-image\" src=\"https:\/\/kesh.ch\/wp-content\/uploads\/2022\/10\/PassagesMoulins4-200x300.jpg\" alt=\"Passages des Moulins, Neuch\u00e2tel\" \/><\/figure><\/a><\/div><div class=\"swiper-slide\" role=\"group\" aria-roledescription=\"slide\" aria-label=\"3 sur 5\"><a data-elementor-open-lightbox=\"yes\" data-elementor-lightbox-slideshow=\"d476012\" data-elementor-lightbox-title=\"Passage des Fausses Brayes, Neuch\u00e2tel\" data-e-action-hash=\"#elementor-action%3Aaction%3Dlightbox%26settings%3DeyJpZCI6Mjk2MTQsInVybCI6Imh0dHBzOlwvXC9rZXNoLmNoXC93cC1jb250ZW50XC91cGxvYWRzXC8yMDIyXC8xMFwvUGFzc2FnZUZhdXNzZUJyYXllcy5qcGciLCJzbGlkZXNob3ciOiJkNDc2MDEyIn0%3D\" href=\"https:\/\/kesh.ch\/wp-content\/uploads\/2022\/10\/PassageFausseBrayes.jpg\"><figure class=\"swiper-slide-inner\"><img decoding=\"async\" class=\"swiper-slide-image\" src=\"https:\/\/kesh.ch\/wp-content\/uploads\/2022\/10\/PassageFausseBrayes-300x200.jpg\" alt=\"Passage des Fausses Brayes, Neuch\u00e2tel\" \/><\/figure><\/a><\/div><div class=\"swiper-slide\" role=\"group\" aria-roledescription=\"slide\" aria-label=\"4 sur 5\"><a data-elementor-open-lightbox=\"yes\" data-elementor-lightbox-slideshow=\"d476012\" data-elementor-lightbox-title=\"Passage des Boucheries, Neuch\u00e2tel\" data-e-action-hash=\"#elementor-action%3Aaction%3Dlightbox%26settings%3DeyJpZCI6Mjk2MTUsInVybCI6Imh0dHBzOlwvXC9rZXNoLmNoXC93cC1jb250ZW50XC91cGxvYWRzXC8yMDIyXC8xMFwvUGFzc2FnZUJvdWNoZXJpZXMxLmpwZyIsInNsaWRlc2hvdyI6ImQ0NzYwMTIifQ%3D%3D\" href=\"https:\/\/kesh.ch\/wp-content\/uploads\/2022\/10\/PassageBoucheries1.jpg\"><figure class=\"swiper-slide-inner\"><img decoding=\"async\" class=\"swiper-slide-image\" src=\"https:\/\/kesh.ch\/wp-content\/uploads\/2022\/10\/PassageBoucheries1-300x200.jpg\" alt=\"Passage des Boucheries, Neuch\u00e2tel\" \/><\/figure><\/a><\/div><div class=\"swiper-slide\" role=\"group\" aria-roledescription=\"slide\" aria-label=\"5 sur 5\"><a data-elementor-open-lightbox=\"yes\" data-elementor-lightbox-slideshow=\"d476012\" data-elementor-lightbox-title=\"Rue du Neubourg, Neuch\u00e2tel\" data-e-action-hash=\"#elementor-action%3Aaction%3Dlightbox%26settings%3DeyJpZCI6MzAyNTksInVybCI6Imh0dHBzOlwvXC9rZXNoLmNoXC93cC1jb250ZW50XC91cGxvYWRzXC8yMDI1XC8wNVwvSU1HXzIwMjIwMzEwXzEwNDIzOV81NTEuanBnIiwic2xpZGVzaG93IjoiZDQ3NjAxMiJ9\" href=\"https:\/\/kesh.ch\/wp-content\/uploads\/2025\/05\/IMG_20220310_104239_551.jpg\"><figure class=\"swiper-slide-inner\"><img decoding=\"async\" class=\"swiper-slide-image\" src=\"https:\/\/kesh.ch\/wp-content\/uploads\/2025\/05\/IMG_20220310_104239_551-300x300.jpg\" alt=\"Rue du Neubourg, Neuch\u00e2tel\" \/><\/figure><\/a><\/div>\t\t\t<\/div>\n\t\t\t\t\t\t\t\t\t\t\t\t<div class=\"elementor-swiper-button elementor-swiper-button-prev\" role=\"button\" tabindex=\"0\">\n\t\t\t\t\t\t<i aria-hidden=\"true\" class=\"eicon-chevron-left\"><\/i>\t\t\t\t\t<\/div>\n\t\t\t\t\t<div class=\"elementor-swiper-button elementor-swiper-button-next\" role=\"button\" tabindex=\"0\">\n\t\t\t\t\t\t<i aria-hidden=\"true\" class=\"eicon-chevron-right\"><\/i>\t\t\t\t\t<\/div>\n\t\t\t\t\n\t\t\t\t\t\t\t\t\t<div class=\"swiper-pagination\"><\/div>\n\t\t\t\t\t\t\t\t\t<\/div>\n\t\t\t\t\t\t<\/div>\n\t\t\t\t<\/div>\n\t\t\t\t\t<\/div>\n\t\t<\/div>\n\t\t\t\t\t<\/div>\n\t\t<\/section>\n\t\t\t\t<\/div>\n\t\t","protected":false},"excerpt":{"rendered":"<p>D\u00e9couvrez les fresques de Kesh \u00e0 Neuch\u00e2tel ! Plongez dans l\u2019univers artistique de Kesh \u00e0 travers un parcours unique au c\u0153ur de la ville. De la po\u00e9sie murale aux fresques fantastiques en collaboration avec John Howe, chaque \u0153uvre raconte une histoire et transforme l\u2019espace urbain. Parmi ces tr\u00e9sors, la fresque historique de Neuch\u00e2tel vous transporte [&hellip;]<\/p>\n","protected":false},"author":1,"featured_media":0,"parent":0,"menu_order":0,"comment_status":"closed","ping_status":"closed","template":"","meta":{"site-sidebar-layout":"no-sidebar","site-content-layout":"page-builder","ast-site-content-layout":"full-width-container","site-content-style":"unboxed","site-sidebar-style":"unboxed","ast-global-header-display":"","ast-banner-title-visibility":"","ast-main-header-display":"","ast-hfb-above-header-display":"","ast-hfb-below-header-display":"","ast-hfb-mobile-header-display":"","site-post-title":"disabled","ast-breadcrumbs-content":"","ast-featured-img":"disabled","footer-sml-layout":"","ast-disable-related-posts":"","theme-transparent-header-meta":"","adv-header-id-meta":"","stick-header-meta":"","header-above-stick-meta":"","header-main-stick-meta":"","header-below-stick-meta":"","astra-migrate-meta-layouts":"set","ast-page-background-enabled":"default","ast-page-background-meta":{"desktop":{"background-color":"var(--ast-global-color-4)","background-image":"","background-repeat":"repeat","background-position":"center center","background-size":"auto","background-attachment":"scroll","background-type":"","background-media":"","overlay-type":"","overlay-color":"","overlay-opacity":"","overlay-gradient":""},"tablet":{"background-color":"","background-image":"","background-repeat":"repeat","background-position":"center center","background-size":"auto","background-attachment":"scroll","background-type":"","background-media":"","overlay-type":"","overlay-color":"","overlay-opacity":"","overlay-gradient":""},"mobile":{"background-color":"","background-image":"","background-repeat":"repeat","background-position":"center center","background-size":"auto","background-attachment":"scroll","background-type":"","background-media":"","overlay-type":"","overlay-color":"","overlay-opacity":"","overlay-gradient":""}},"ast-content-background-meta":{"desktop":{"background-color":"var(--ast-global-color-5)","background-image":"","background-repeat":"repeat","background-position":"center center","background-size":"auto","background-attachment":"scroll","background-type":"","background-media":"","overlay-type":"","overlay-color":"","overlay-opacity":"","overlay-gradient":""},"tablet":{"background-color":"var(--ast-global-color-5)","background-image":"","background-repeat":"repeat","background-position":"center center","background-size":"auto","background-attachment":"scroll","background-type":"","background-media":"","overlay-type":"","overlay-color":"","overlay-opacity":"","overlay-gradient":""},"mobile":{"background-color":"var(--ast-global-color-5)","background-image":"","background-repeat":"repeat","background-position":"center center","background-size":"auto","background-attachment":"scroll","background-type":"","background-media":"","overlay-type":"","overlay-color":"","overlay-opacity":"","overlay-gradient":""}},"footnotes":""},"class_list":["post-30176","page","type-page","status-publish","hentry"],"_links":{"self":[{"href":"https:\/\/kesh.ch\/accueil\/wp-json\/wp\/v2\/pages\/30176","targetHints":{"allow":["GET"]}}],"collection":[{"href":"https:\/\/kesh.ch\/accueil\/wp-json\/wp\/v2\/pages"}],"about":[{"href":"https:\/\/kesh.ch\/accueil\/wp-json\/wp\/v2\/types\/page"}],"author":[{"embeddable":true,"href":"https:\/\/kesh.ch\/accueil\/wp-json\/wp\/v2\/users\/1"}],"replies":[{"embeddable":true,"href":"https:\/\/kesh.ch\/accueil\/wp-json\/wp\/v2\/comments?post=30176"}],"version-history":[{"count":13,"href":"https:\/\/kesh.ch\/accueil\/wp-json\/wp\/v2\/pages\/30176\/revisions"}],"predecessor-version":[{"id":30264,"href":"https:\/\/kesh.ch\/accueil\/wp-json\/wp\/v2\/pages\/30176\/revisions\/30264"}],"wp:attachment":[{"href":"https:\/\/kesh.ch\/accueil\/wp-json\/wp\/v2\/media?parent=30176"}],"curies":[{"name":"wp","href":"https:\/\/api.w.org\/{rel}","templated":true}]}}