{"id":30013,"date":"2024-02-07T12:03:03","date_gmt":"2024-02-07T11:03:03","guid":{"rendered":"https:\/\/kesh.ch\/accueil\/?page_id=30013"},"modified":"2024-02-07T12:59:52","modified_gmt":"2024-02-07T11:59:52","slug":"live-painting","status":"publish","type":"page","link":"https:\/\/kesh.ch\/accueil\/live-painting\/","title":{"rendered":"LIVE PAINTING VIDEO"},"content":{"rendered":"\t\t<div data-elementor-type=\"wp-page\" data-elementor-id=\"30013\" class=\"elementor elementor-30013\">\n\t\t\t\t\t\t<section class=\"elementor-section elementor-top-section elementor-element elementor-element-b4c285f elementor-section-boxed elementor-section-height-default elementor-section-height-default\" data-id=\"b4c285f\" data-element_type=\"section\">\n\t\t\t\t\t\t<div class=\"elementor-container elementor-column-gap-default\">\n\t\t\t\t\t<div class=\"elementor-column elementor-col-100 elementor-top-column elementor-element elementor-element-ceaf515\" data-id=\"ceaf515\" data-element_type=\"column\">\n\t\t\t<div class=\"elementor-widget-wrap elementor-element-populated\">\n\t\t\t\t\t\t<div class=\"elementor-element elementor-element-acf685d elementor-widget elementor-widget-heading\" data-id=\"acf685d\" data-element_type=\"widget\" data-widget_type=\"heading.default\">\n\t\t\t\t<div class=\"elementor-widget-container\">\n\t\t\t\t\t<h3 class=\"elementor-heading-title elementor-size-default\">H\u00f4tel 5* Palafitte - Neuch\u00e2tel<\/h3>\t\t\t\t<\/div>\n\t\t\t\t<\/div>\n\t\t\t\t\t<\/div>\n\t\t<\/div>\n\t\t\t\t\t<\/div>\n\t\t<\/section>\n\t\t\t\t<section class=\"elementor-section elementor-top-section elementor-element elementor-element-accad96 elementor-section-boxed elementor-section-height-default elementor-section-height-default\" data-id=\"accad96\" data-element_type=\"section\">\n\t\t\t\t\t\t<div class=\"elementor-container elementor-column-gap-default\">\n\t\t\t\t\t<div class=\"elementor-column elementor-col-50 elementor-top-column elementor-element elementor-element-2dae4d9\" data-id=\"2dae4d9\" data-element_type=\"column\">\n\t\t\t<div class=\"elementor-widget-wrap elementor-element-populated\">\n\t\t\t\t\t\t<div class=\"elementor-element elementor-element-5d98960 elementor-widget elementor-widget-text-editor\" data-id=\"5d98960\" data-element_type=\"widget\" data-widget_type=\"text-editor.default\">\n\t\t\t\t<div class=\"elementor-widget-container\">\n\t\t\t\t\t\t\t\t\t<p>Live painting r\u00e9alis\u00e9, le\u00a0<span style=\"color: var( --e-global-color-text ); font-family: var( --e-global-typography-text-font-family ), Sans-serif; font-weight: var( --e-global-typography-text-font-weight ); background-color: var(--ast-global-color-5); font-size: 1rem;\">15 octobre 2023, dans<\/span><span style=\"font-style: inherit; font-weight: inherit; color: var( --e-global-color-text ); font-family: var( --e-global-typography-text-font-family ), Sans-serif; background-color: var(--ast-global-color-5);\">\u00a0l&rsquo;h\u00f4tel 5 \u00e9toiles Palafitte de Neuch\u00e2tel lors de l&rsquo;exposition de mes toiles. Ce concept est disponible pour les team bulding, les mariages, les anniversaires etc&#8230;<\/span><\/p><p>C&rsquo;est un moyen artistique et conviviale pour r\u00e9unir les gens et garder une \u0153uvre inspiratrice qui sera magnifi\u00e9 par les finitions que j&rsquo;apporterais \u00e0 la toile.\u00a0<\/p>\t\t\t\t\t\t\t\t<\/div>\n\t\t\t\t<\/div>\n\t\t\t\t<div class=\"elementor-element elementor-element-5df2e14 elementor-widget__width-initial elementor-widget elementor-widget-image\" data-id=\"5df2e14\" data-element_type=\"widget\" data-widget_type=\"image.default\">\n\t\t\t\t<div class=\"elementor-widget-container\">\n\t\t\t\t\t\t\t\t\t\t\t\t\t\t\t<img fetchpriority=\"high\" decoding=\"async\" width=\"820\" height=\"1024\" src=\"https:\/\/kesh.ch\/wp-content\/uploads\/2024\/02\/392831420_346052557875796_8688332157870698552_n-820x1024.jpg\" class=\"attachment-large size-large wp-image-30020\" alt=\"\" srcset=\"https:\/\/kesh.ch\/wp-content\/uploads\/2024\/02\/392831420_346052557875796_8688332157870698552_n-820x1024.jpg 820w, https:\/\/kesh.ch\/wp-content\/uploads\/2024\/02\/392831420_346052557875796_8688332157870698552_n-600x750.jpg 600w, https:\/\/kesh.ch\/wp-content\/uploads\/2024\/02\/392831420_346052557875796_8688332157870698552_n-240x300.jpg 240w, https:\/\/kesh.ch\/wp-content\/uploads\/2024\/02\/392831420_346052557875796_8688332157870698552_n-768x959.jpg 768w, https:\/\/kesh.ch\/wp-content\/uploads\/2024\/02\/392831420_346052557875796_8688332157870698552_n-1229x1536.jpg 1229w, https:\/\/kesh.ch\/wp-content\/uploads\/2024\/02\/392831420_346052557875796_8688332157870698552_n.jpg 1440w\" sizes=\"(max-width: 820px) 100vw, 820px\" \/>\t\t\t\t\t\t\t\t\t\t\t\t\t\t\t<\/div>\n\t\t\t\t<\/div>\n\t\t\t\t<div class=\"elementor-element elementor-element-73f359a elementor-widget__width-initial elementor-widget elementor-widget-image\" data-id=\"73f359a\" data-element_type=\"widget\" data-widget_type=\"image.default\">\n\t\t\t\t<div class=\"elementor-widget-container\">\n\t\t\t\t\t\t\t\t\t\t\t\t\t\t\t<img decoding=\"async\" width=\"303\" height=\"540\" src=\"https:\/\/kesh.ch\/wp-content\/uploads\/2024\/02\/393836482_871696557918816_3206020295585303658_n.jpg\" class=\"attachment-large size-large wp-image-30021\" alt=\"\" srcset=\"https:\/\/kesh.ch\/wp-content\/uploads\/2024\/02\/393836482_871696557918816_3206020295585303658_n.jpg 303w, https:\/\/kesh.ch\/wp-content\/uploads\/2024\/02\/393836482_871696557918816_3206020295585303658_n-168x300.jpg 168w\" sizes=\"(max-width: 303px) 100vw, 303px\" \/>\t\t\t\t\t\t\t\t\t\t\t\t\t\t\t<\/div>\n\t\t\t\t<\/div>\n\t\t\t\t\t<\/div>\n\t\t<\/div>\n\t\t\t\t<div class=\"elementor-column elementor-col-50 elementor-top-column elementor-element elementor-element-70036e7\" data-id=\"70036e7\" data-element_type=\"column\">\n\t\t\t<div class=\"elementor-widget-wrap elementor-element-populated\">\n\t\t\t\t\t\t<div class=\"elementor-element elementor-element-93a8b2e elementor-widget__width-auto elementor-widget elementor-widget-video\" data-id=\"93a8b2e\" data-element_type=\"widget\" data-settings=\"{&quot;youtube_url&quot;:&quot;https:\\\/\\\/youtu.be\\\/3UTkmL1_fcg&quot;,&quot;video_type&quot;:&quot;youtube&quot;,&quot;controls&quot;:&quot;yes&quot;}\" data-widget_type=\"video.default\">\n\t\t\t\t<div class=\"elementor-widget-container\">\n\t\t\t\t\t\t\t<div class=\"elementor-wrapper elementor-open-inline\">\n\t\t\t<div class=\"elementor-video\"><\/div>\t\t<\/div>\n\t\t\t\t\t\t<\/div>\n\t\t\t\t<\/div>\n\t\t\t\t\t<\/div>\n\t\t<\/div>\n\t\t\t\t\t<\/div>\n\t\t<\/section>\n\t\t\t\t<section class=\"elementor-section elementor-top-section elementor-element elementor-element-fad7035 elementor-section-boxed elementor-section-height-default elementor-section-height-default\" data-id=\"fad7035\" data-element_type=\"section\">\n\t\t\t\t\t\t<div class=\"elementor-container elementor-column-gap-default\">\n\t\t\t\t\t<div class=\"elementor-column elementor-col-100 elementor-top-column elementor-element elementor-element-46215d4\" data-id=\"46215d4\" data-element_type=\"column\">\n\t\t\t<div class=\"elementor-widget-wrap elementor-element-populated\">\n\t\t\t\t\t\t<div class=\"elementor-element elementor-element-d075fa6 elementor-widget-divider--view-line elementor-widget elementor-widget-divider\" data-id=\"d075fa6\" data-element_type=\"widget\" data-widget_type=\"divider.default\">\n\t\t\t\t<div class=\"elementor-widget-container\">\n\t\t\t\t\t\t\t<div class=\"elementor-divider\">\n\t\t\t<span class=\"elementor-divider-separator\">\n\t\t\t\t\t\t<\/span>\n\t\t<\/div>\n\t\t\t\t\t\t<\/div>\n\t\t\t\t<\/div>\n\t\t\t\t\t<\/div>\n\t\t<\/div>\n\t\t\t\t\t<\/div>\n\t\t<\/section>\n\t\t\t\t<section class=\"elementor-section elementor-top-section elementor-element elementor-element-a245a9d elementor-section-boxed elementor-section-height-default elementor-section-height-default\" data-id=\"a245a9d\" data-element_type=\"section\">\n\t\t\t\t\t\t<div class=\"elementor-container elementor-column-gap-default\">\n\t\t\t\t\t<div class=\"elementor-column elementor-col-100 elementor-top-column elementor-element elementor-element-85d1d31\" data-id=\"85d1d31\" data-element_type=\"column\">\n\t\t\t<div class=\"elementor-widget-wrap elementor-element-populated\">\n\t\t\t\t\t\t<div class=\"elementor-element elementor-element-4388719 elementor-widget elementor-widget-heading\" data-id=\"4388719\" data-element_type=\"widget\" data-widget_type=\"heading.default\">\n\t\t\t\t<div class=\"elementor-widget-container\">\n\t\t\t\t\t<h3 class=\"elementor-heading-title elementor-size-default\">Emirate Air Lines - Gare de Zurich<\/h3>\t\t\t\t<\/div>\n\t\t\t\t<\/div>\n\t\t\t\t\t<\/div>\n\t\t<\/div>\n\t\t\t\t\t<\/div>\n\t\t<\/section>\n\t\t\t\t<section class=\"elementor-section elementor-top-section elementor-element elementor-element-2a4618d elementor-section-boxed elementor-section-height-default elementor-section-height-default\" data-id=\"2a4618d\" data-element_type=\"section\">\n\t\t\t\t\t\t<div class=\"elementor-container elementor-column-gap-default\">\n\t\t\t\t\t<div class=\"elementor-column elementor-col-66 elementor-top-column elementor-element elementor-element-b0d18b3\" data-id=\"b0d18b3\" data-element_type=\"column\">\n\t\t\t<div class=\"elementor-widget-wrap elementor-element-populated\">\n\t\t\t\t\t\t<div class=\"elementor-element elementor-element-5997548 elementor-widget elementor-widget-video\" data-id=\"5997548\" data-element_type=\"widget\" data-settings=\"{&quot;youtube_url&quot;:&quot;https:\\\/\\\/www.youtube.com\\\/watch?v=CxTPSylV7ko&quot;,&quot;video_type&quot;:&quot;youtube&quot;,&quot;controls&quot;:&quot;yes&quot;}\" data-widget_type=\"video.default\">\n\t\t\t\t<div class=\"elementor-widget-container\">\n\t\t\t\t\t\t\t<div class=\"elementor-wrapper elementor-open-inline\">\n\t\t\t<div class=\"elementor-video\"><\/div>\t\t<\/div>\n\t\t\t\t\t\t<\/div>\n\t\t\t\t<\/div>\n\t\t\t\t\t<\/div>\n\t\t<\/div>\n\t\t\t\t<div class=\"elementor-column elementor-col-33 elementor-top-column elementor-element elementor-element-fb88d8d\" data-id=\"fb88d8d\" data-element_type=\"column\">\n\t\t\t<div class=\"elementor-widget-wrap elementor-element-populated\">\n\t\t\t\t\t\t<div class=\"elementor-element elementor-element-f376e83 elementor-widget elementor-widget-text-editor\" data-id=\"f376e83\" data-element_type=\"widget\" data-widget_type=\"text-editor.default\">\n\t\t\t\t<div class=\"elementor-widget-container\">\n\t\t\t\t\t\t\t\t\t<p>Live painting r\u00e9alis\u00e9 pour Emirates \u00e0 la gare de Z\u00fcrich en 2015.<\/p><p>Pour c\u00e9l\u00e9brer les deux nouveaux vols quotidiens au d\u00e9part de Zurich, avec les A380 de la compagnie Emirate Air Lines, j&rsquo;ai eu le plaisir de r\u00e9aliser une peinture 3D unique du\u00a0 salon\/bar de ce nouvel avion.\u00a0<\/p><p>Pour marquer les esprits et faire parler de vous, rien de tel qu&rsquo;un live painting. Les passant sont intrigu\u00e9s. Ils posent des questions, prennent des photos, partagent sur leur r\u00e9seaux. Une fa\u00e7on diff\u00e9rente de se faire remarquer.\u00a0<\/p>\t\t\t\t\t\t\t\t<\/div>\n\t\t\t\t<\/div>\n\t\t\t\t\t<\/div>\n\t\t<\/div>\n\t\t\t\t\t<\/div>\n\t\t<\/section>\n\t\t\t\t<\/div>\n\t\t","protected":false},"excerpt":{"rendered":"<p>H\u00f4tel 5* Palafitte &#8211; Neuch\u00e2tel Live painting r\u00e9alis\u00e9, le\u00a015 octobre 2023, dans\u00a0l&rsquo;h\u00f4tel 5 \u00e9toiles Palafitte de Neuch\u00e2tel lors de l&rsquo;exposition de mes toiles. Ce concept est disponible pour les team bulding, les mariages, les anniversaires etc&#8230; C&rsquo;est un moyen artistique et conviviale pour r\u00e9unir les gens et garder une \u0153uvre inspiratrice qui sera magnifi\u00e9 par [&hellip;]<\/p>\n","protected":false},"author":1,"featured_media":0,"parent":0,"menu_order":0,"comment_status":"closed","ping_status":"closed","template":"","meta":{"site-sidebar-layout":"no-sidebar","site-content-layout":"page-builder","ast-site-content-layout":"full-width-container","site-content-style":"default","site-sidebar-style":"default","ast-global-header-display":"","ast-banner-title-visibility":"","ast-main-header-display":"","ast-hfb-above-header-display":"","ast-hfb-below-header-display":"","ast-hfb-mobile-header-display":"","site-post-title":"disabled","ast-breadcrumbs-content":"","ast-featured-img":"disabled","footer-sml-layout":"","ast-disable-related-posts":"","theme-transparent-header-meta":"","adv-header-id-meta":"","stick-header-meta":"","header-above-stick-meta":"","header-main-stick-meta":"","header-below-stick-meta":"","astra-migrate-meta-layouts":"set","ast-page-background-enabled":"default","ast-page-background-meta":{"desktop":{"background-color":"var(--ast-global-color-4)","background-image":"","background-repeat":"repeat","background-position":"center center","background-size":"auto","background-attachment":"scroll","background-type":"","background-media":"","overlay-type":"","overlay-color":"","overlay-opacity":"","overlay-gradient":""},"tablet":{"background-color":"","background-image":"","background-repeat":"repeat","background-position":"center center","background-size":"auto","background-attachment":"scroll","background-type":"","background-media":"","overlay-type":"","overlay-color":"","overlay-opacity":"","overlay-gradient":""},"mobile":{"background-color":"","background-image":"","background-repeat":"repeat","background-position":"center center","background-size":"auto","background-attachment":"scroll","background-type":"","background-media":"","overlay-type":"","overlay-color":"","overlay-opacity":"","overlay-gradient":""}},"ast-content-background-meta":{"desktop":{"background-color":"var(--ast-global-color-5)","background-image":"","background-repeat":"repeat","background-position":"center center","background-size":"auto","background-attachment":"scroll","background-type":"","background-media":"","overlay-type":"","overlay-color":"","overlay-opacity":"","overlay-gradient":""},"tablet":{"background-color":"var(--ast-global-color-5)","background-image":"","background-repeat":"repeat","background-position":"center center","background-size":"auto","background-attachment":"scroll","background-type":"","background-media":"","overlay-type":"","overlay-color":"","overlay-opacity":"","overlay-gradient":""},"mobile":{"background-color":"var(--ast-global-color-5)","background-image":"","background-repeat":"repeat","background-position":"center center","background-size":"auto","background-attachment":"scroll","background-type":"","background-media":"","overlay-type":"","overlay-color":"","overlay-opacity":"","overlay-gradient":""}},"footnotes":""},"class_list":["post-30013","page","type-page","status-publish","hentry"],"_links":{"self":[{"href":"https:\/\/kesh.ch\/accueil\/wp-json\/wp\/v2\/pages\/30013","targetHints":{"allow":["GET"]}}],"collection":[{"href":"https:\/\/kesh.ch\/accueil\/wp-json\/wp\/v2\/pages"}],"about":[{"href":"https:\/\/kesh.ch\/accueil\/wp-json\/wp\/v2\/types\/page"}],"author":[{"embeddable":true,"href":"https:\/\/kesh.ch\/accueil\/wp-json\/wp\/v2\/users\/1"}],"replies":[{"embeddable":true,"href":"https:\/\/kesh.ch\/accueil\/wp-json\/wp\/v2\/comments?post=30013"}],"version-history":[{"count":21,"href":"https:\/\/kesh.ch\/accueil\/wp-json\/wp\/v2\/pages\/30013\/revisions"}],"predecessor-version":[{"id":30058,"href":"https:\/\/kesh.ch\/accueil\/wp-json\/wp\/v2\/pages\/30013\/revisions\/30058"}],"wp:attachment":[{"href":"https:\/\/kesh.ch\/accueil\/wp-json\/wp\/v2\/media?parent=30013"}],"curies":[{"name":"wp","href":"https:\/\/api.w.org\/{rel}","templated":true}]}}