{"id":29663,"date":"2022-10-24T10:16:55","date_gmt":"2022-10-24T08:16:55","guid":{"rendered":"https:\/\/kesh.ch\/?page_id=29663"},"modified":"2022-10-24T11:34:59","modified_gmt":"2022-10-24T09:34:59","slug":"vanessart","status":"publish","type":"page","link":"https:\/\/kesh.ch\/accueil\/vanessart\/","title":{"rendered":"Vaness&rsquo;Art"},"content":{"rendered":"\t\t<div data-elementor-type=\"wp-page\" data-elementor-id=\"29663\" class=\"elementor elementor-29663\">\n\t\t\t\t\t\t<section class=\"elementor-section elementor-top-section elementor-element elementor-element-9376313 elementor-section-boxed elementor-section-height-default elementor-section-height-default\" data-id=\"9376313\" data-element_type=\"section\">\n\t\t\t\t\t\t<div class=\"elementor-container elementor-column-gap-default\">\n\t\t\t\t\t<div class=\"elementor-column elementor-col-50 elementor-top-column elementor-element elementor-element-080e827\" data-id=\"080e827\" data-element_type=\"column\">\n\t\t\t<div class=\"elementor-widget-wrap elementor-element-populated\">\n\t\t\t\t\t\t<div class=\"elementor-element elementor-element-18f819a elementor-widget elementor-widget-image\" data-id=\"18f819a\" data-element_type=\"widget\" data-widget_type=\"image.default\">\n\t\t\t\t<div class=\"elementor-widget-container\">\n\t\t\t\t\t\t\t\t\t\t\t\t\t\t\t<img fetchpriority=\"high\" decoding=\"async\" width=\"786\" height=\"643\" src=\"https:\/\/kesh.ch\/wp-content\/uploads\/2022\/10\/logoVaness.png\" class=\"attachment-large size-large wp-image-29672\" alt=\"\" srcset=\"https:\/\/kesh.ch\/wp-content\/uploads\/2022\/10\/logoVaness.png 786w, https:\/\/kesh.ch\/wp-content\/uploads\/2022\/10\/logoVaness-600x491.png 600w, https:\/\/kesh.ch\/wp-content\/uploads\/2022\/10\/logoVaness-300x245.png 300w, https:\/\/kesh.ch\/wp-content\/uploads\/2022\/10\/logoVaness-768x628.png 768w\" sizes=\"(max-width: 786px) 100vw, 786px\" \/>\t\t\t\t\t\t\t\t\t\t\t\t\t\t\t<\/div>\n\t\t\t\t<\/div>\n\t\t\t\t\t<\/div>\n\t\t<\/div>\n\t\t\t\t<div class=\"elementor-column elementor-col-50 elementor-top-column elementor-element elementor-element-e912a87\" data-id=\"e912a87\" data-element_type=\"column\">\n\t\t\t<div class=\"elementor-widget-wrap elementor-element-populated\">\n\t\t\t\t\t\t<div class=\"elementor-element elementor-element-67f75dc elementor-widget elementor-widget-heading\" data-id=\"67f75dc\" data-element_type=\"widget\" data-widget_type=\"heading.default\">\n\t\t\t\t<div class=\"elementor-widget-container\">\n\t\t\t\t\t<h2 class=\"elementor-heading-title elementor-size-default\">Vaness'Art  - manager artistique<\/h2>\t\t\t\t<\/div>\n\t\t\t\t<\/div>\n\t\t\t\t\t<\/div>\n\t\t<\/div>\n\t\t\t\t\t<\/div>\n\t\t<\/section>\n\t\t\t\t<section class=\"elementor-section elementor-top-section elementor-element elementor-element-f5cc36d elementor-section-boxed elementor-section-height-default elementor-section-height-default\" data-id=\"f5cc36d\" data-element_type=\"section\">\n\t\t\t\t\t\t<div class=\"elementor-container elementor-column-gap-default\">\n\t\t\t\t\t<div class=\"elementor-column elementor-col-33 elementor-top-column elementor-element elementor-element-db62587\" data-id=\"db62587\" data-element_type=\"column\">\n\t\t\t<div class=\"elementor-widget-wrap elementor-element-populated\">\n\t\t\t\t\t\t<div class=\"elementor-element elementor-element-9c013c6 elementor-widget elementor-widget-text-editor\" data-id=\"9c013c6\" data-element_type=\"widget\" data-widget_type=\"text-editor.default\">\n\t\t\t\t<div class=\"elementor-widget-container\">\n\t\t\t\t\t\t\t\t\t<p><span style=\"text-align: start; color: var( --e-global-color-text ); font-family: var( --e-global-typography-text-font-family ), Sans-serif; font-weight: var( --e-global-typography-text-font-weight ); background-color: var(--ast-global-color-5); font-size: 1rem;\">V\u00e9ritable touche \u00e0 tout, Vanessa Bovet, directrice de Vaness&rsquo;Art, est votre contact privil\u00e9gi\u00e9 pour vous pr\u00e9senter le talent de l&rsquo;artiste Kesh. Comme vous pourrez le d\u00e9couvrir sur ce site, Kesh a un niveau artistique qui lui permet de r\u00e9aliser de v\u00e9ritable fresque et trompe l&rsquo;\u0153il d&rsquo;un niveau exceptionnel. Il a fait appel \u00e0 Vaness&rsquo;Art afin de le repr\u00e9senter, de le conseiller et de l&rsquo;assister dans sa carri\u00e8re artistique.\u00a0<\/span><\/p>\t\t\t\t\t\t\t\t<\/div>\n\t\t\t\t<\/div>\n\t\t\t\t\t<\/div>\n\t\t<\/div>\n\t\t\t\t<div class=\"elementor-column elementor-col-33 elementor-top-column elementor-element elementor-element-6959f97\" data-id=\"6959f97\" data-element_type=\"column\">\n\t\t\t<div class=\"elementor-widget-wrap\">\n\t\t\t\t\t\t\t<\/div>\n\t\t<\/div>\n\t\t\t\t<div class=\"elementor-column elementor-col-33 elementor-top-column elementor-element elementor-element-8a00900\" data-id=\"8a00900\" data-element_type=\"column\">\n\t\t\t<div class=\"elementor-widget-wrap elementor-element-populated\">\n\t\t\t\t\t\t<div class=\"elementor-element elementor-element-b82f157 elementor-widget elementor-widget-text-editor\" data-id=\"b82f157\" data-element_type=\"widget\" data-widget_type=\"text-editor.default\">\n\t\t\t\t<div class=\"elementor-widget-container\">\n\t\t\t\t\t\t\t\t\t<p>Vanessa Bovet g\u00e8re pour l&rsquo;artiste Kesh:<\/p><ul><li>sa repr\u00e9sentation\u00a0<\/li><li>la recherche de nouveaux mandat<\/li><li>la gestion de ses r\u00e9seaux sociaux<\/li><li>la cr\u00e9ation et la gestion de son site internet<\/li><li>la cr\u00e9ation de contenu multim\u00e9dia<\/li><\/ul>\t\t\t\t\t\t\t\t<\/div>\n\t\t\t\t<\/div>\n\t\t\t\t\t<\/div>\n\t\t<\/div>\n\t\t\t\t\t<\/div>\n\t\t<\/section>\n\t\t\t\t<section class=\"elementor-section elementor-top-section elementor-element elementor-element-d0da7de elementor-section-boxed elementor-section-height-default elementor-section-height-default\" data-id=\"d0da7de\" data-element_type=\"section\">\n\t\t\t\t\t\t<div class=\"elementor-container elementor-column-gap-default\">\n\t\t\t\t\t<div class=\"elementor-column elementor-col-100 elementor-top-column elementor-element elementor-element-2434443\" data-id=\"2434443\" data-element_type=\"column\">\n\t\t\t<div class=\"elementor-widget-wrap elementor-element-populated\">\n\t\t\t\t\t\t<div class=\"elementor-element elementor-element-be60fed elementor-widget elementor-widget-text-editor\" data-id=\"be60fed\" data-element_type=\"widget\" data-widget_type=\"text-editor.default\">\n\t\t\t\t<div class=\"elementor-widget-container\">\n\t\t\t\t\t\t\t\t\t<h5>\u201cIl ne s&rsquo;agit pas de peindre la vie, mais de rendre vivante la peinture.\u201d\u00a0 \u00a0 Pierre Bonnard &#8211; Artiste peintre 1867-1947<\/h5><p>C&rsquo;est ce que Vaness&rsquo;Art vous offre au travers des \u0153uvres de l&rsquo;artiste Kesh. Des fresques vivantes et vibrantes.<\/p><p>\u00a0<\/p>\t\t\t\t\t\t\t\t<\/div>\n\t\t\t\t<\/div>\n\t\t\t\t\t<\/div>\n\t\t<\/div>\n\t\t\t\t\t<\/div>\n\t\t<\/section>\n\t\t\t\t<\/div>\n\t\t","protected":false},"excerpt":{"rendered":"<p>Vaness&rsquo;Art &#8211; manager artistique V\u00e9ritable touche \u00e0 tout, Vanessa Bovet, directrice de Vaness&rsquo;Art, est votre contact privil\u00e9gi\u00e9 pour vous pr\u00e9senter le talent de l&rsquo;artiste Kesh. Comme vous pourrez le d\u00e9couvrir sur ce site, Kesh a un niveau artistique qui lui permet de r\u00e9aliser de v\u00e9ritable fresque et trompe l&rsquo;\u0153il d&rsquo;un niveau exceptionnel. Il a fait [&hellip;]<\/p>\n","protected":false},"author":1,"featured_media":0,"parent":0,"menu_order":0,"comment_status":"closed","ping_status":"closed","template":"","meta":{"site-sidebar-layout":"no-sidebar","site-content-layout":"page-builder","ast-site-content-layout":"default","site-content-style":"default","site-sidebar-style":"default","ast-global-header-display":"","ast-banner-title-visibility":"","ast-main-header-display":"","ast-hfb-above-header-display":"","ast-hfb-below-header-display":"","ast-hfb-mobile-header-display":"","site-post-title":"disabled","ast-breadcrumbs-content":"","ast-featured-img":"disabled","footer-sml-layout":"","ast-disable-related-posts":"","theme-transparent-header-meta":"","adv-header-id-meta":"","stick-header-meta":"","header-above-stick-meta":"","header-main-stick-meta":"","header-below-stick-meta":"","astra-migrate-meta-layouts":"default","ast-page-background-enabled":"default","ast-page-background-meta":{"desktop":{"background-color":"var(--ast-global-color-4)","background-image":"","background-repeat":"repeat","background-position":"center center","background-size":"auto","background-attachment":"scroll","background-type":"","background-media":"","overlay-type":"","overlay-color":"","overlay-opacity":"","overlay-gradient":""},"tablet":{"background-color":"","background-image":"","background-repeat":"repeat","background-position":"center center","background-size":"auto","background-attachment":"scroll","background-type":"","background-media":"","overlay-type":"","overlay-color":"","overlay-opacity":"","overlay-gradient":""},"mobile":{"background-color":"","background-image":"","background-repeat":"repeat","background-position":"center center","background-size":"auto","background-attachment":"scroll","background-type":"","background-media":"","overlay-type":"","overlay-color":"","overlay-opacity":"","overlay-gradient":""}},"ast-content-background-meta":{"desktop":{"background-color":"var(--ast-global-color-5)","background-image":"","background-repeat":"repeat","background-position":"center center","background-size":"auto","background-attachment":"scroll","background-type":"","background-media":"","overlay-type":"","overlay-color":"","overlay-opacity":"","overlay-gradient":""},"tablet":{"background-color":"var(--ast-global-color-5)","background-image":"","background-repeat":"repeat","background-position":"center center","background-size":"auto","background-attachment":"scroll","background-type":"","background-media":"","overlay-type":"","overlay-color":"","overlay-opacity":"","overlay-gradient":""},"mobile":{"background-color":"var(--ast-global-color-5)","background-image":"","background-repeat":"repeat","background-position":"center center","background-size":"auto","background-attachment":"scroll","background-type":"","background-media":"","overlay-type":"","overlay-color":"","overlay-opacity":"","overlay-gradient":""}},"footnotes":""},"class_list":["post-29663","page","type-page","status-publish","hentry"],"_links":{"self":[{"href":"https:\/\/kesh.ch\/accueil\/wp-json\/wp\/v2\/pages\/29663","targetHints":{"allow":["GET"]}}],"collection":[{"href":"https:\/\/kesh.ch\/accueil\/wp-json\/wp\/v2\/pages"}],"about":[{"href":"https:\/\/kesh.ch\/accueil\/wp-json\/wp\/v2\/types\/page"}],"author":[{"embeddable":true,"href":"https:\/\/kesh.ch\/accueil\/wp-json\/wp\/v2\/users\/1"}],"replies":[{"embeddable":true,"href":"https:\/\/kesh.ch\/accueil\/wp-json\/wp\/v2\/comments?post=29663"}],"version-history":[{"count":31,"href":"https:\/\/kesh.ch\/accueil\/wp-json\/wp\/v2\/pages\/29663\/revisions"}],"predecessor-version":[{"id":29705,"href":"https:\/\/kesh.ch\/accueil\/wp-json\/wp\/v2\/pages\/29663\/revisions\/29705"}],"wp:attachment":[{"href":"https:\/\/kesh.ch\/accueil\/wp-json\/wp\/v2\/media?parent=29663"}],"curies":[{"name":"wp","href":"https:\/\/api.w.org\/{rel}","templated":true}]}}