{"id":29605,"date":"2022-10-07T15:22:32","date_gmt":"2022-10-07T13:22:32","guid":{"rendered":"https:\/\/kesh.ch\/?page_id=29605"},"modified":"2024-02-07T12:59:14","modified_gmt":"2024-02-07T11:59:14","slug":"portfolio-commune","status":"publish","type":"page","link":"https:\/\/kesh.ch\/accueil\/portfolio-commune\/","title":{"rendered":"Portfolio Commune"},"content":{"rendered":"\t\t<div data-elementor-type=\"wp-page\" data-elementor-id=\"29605\" class=\"elementor elementor-29605\">\n\t\t\t\t\t\t<section class=\"elementor-section elementor-top-section elementor-element elementor-element-8e731e8 elementor-section-boxed elementor-section-height-default elementor-section-height-default\" data-id=\"8e731e8\" data-element_type=\"section\">\n\t\t\t\t\t\t<div class=\"elementor-container elementor-column-gap-default\">\n\t\t\t\t\t<div class=\"elementor-column elementor-col-100 elementor-top-column elementor-element elementor-element-e0292b4\" data-id=\"e0292b4\" data-element_type=\"column\">\n\t\t\t<div class=\"elementor-widget-wrap elementor-element-populated\">\n\t\t\t\t\t\t<div class=\"elementor-element elementor-element-803fe03 elementor-widget elementor-widget-heading\" data-id=\"803fe03\" data-element_type=\"widget\" data-widget_type=\"heading.default\">\n\t\t\t\t<div class=\"elementor-widget-container\">\n\t\t\t\t\t<h3 class=\"elementor-heading-title elementor-size-default\">Portfolio Commune<\/h3>\t\t\t\t<\/div>\n\t\t\t\t<\/div>\n\t\t\t\t<div class=\"elementor-element elementor-element-c341c89 elementor-widget elementor-widget-text-editor\" data-id=\"c341c89\" data-element_type=\"widget\" data-widget_type=\"text-editor.default\">\n\t\t\t\t<div class=\"elementor-widget-container\">\n\t\t\t\t\t\t\t\t\t<p>Les fresques sont une alternative artistique et \/ou didactique aux d\u00e9gradations occasionn\u00e9es par les graffeurs ill\u00e9gaux. La beaut\u00e9, le caract\u00e8re historique ou informatif des fresques am\u00e8ne une notori\u00e9t\u00e9 suppl\u00e9mentaire \u00e0 votre commune. Pourquoi ne pas les int\u00e9grer dans la visite de votre ville afin d\u2019appuyer une date historique, une \u00e9poque, un \u00e9v\u00e9nement sp\u00e9cifique ? Pour plus d&rsquo;information contactez moi via le formulaire de <a href=\"https:\/\/kesh.ch\/contact\/\">contact<\/a>.\u00a0<\/p>\t\t\t\t\t\t\t\t<\/div>\n\t\t\t\t<\/div>\n\t\t\t\t\t<\/div>\n\t\t<\/div>\n\t\t\t\t\t<\/div>\n\t\t<\/section>\n\t\t\t\t<section class=\"elementor-section elementor-top-section elementor-element elementor-element-dfdce94 elementor-section-boxed elementor-section-height-default elementor-section-height-default\" data-id=\"dfdce94\" data-element_type=\"section\">\n\t\t\t\t\t\t<div class=\"elementor-container elementor-column-gap-default\">\n\t\t\t\t\t<div class=\"elementor-column elementor-col-100 elementor-top-column elementor-element elementor-element-4ff990b\" data-id=\"4ff990b\" data-element_type=\"column\">\n\t\t\t<div class=\"elementor-widget-wrap elementor-element-populated\">\n\t\t\t\t\t\t<div class=\"elementor-element elementor-element-5f4ef11 gallery-spacing-custom elementor-widget elementor-widget-image-gallery\" data-id=\"5f4ef11\" data-element_type=\"widget\" data-widget_type=\"image-gallery.default\">\n\t\t\t\t<div class=\"elementor-widget-container\">\n\t\t\t\t\t\t\t<div class=\"elementor-image-gallery\">\n\t\t\t<div id='gallery-1' class='gallery galleryid-29605 gallery-columns-3 gallery-size-medium'><figure class='gallery-item'>\n\t\t\t<div class='gallery-icon portrait'>\n\t\t\t\t<a data-elementor-open-lightbox=\"yes\" data-elementor-lightbox-slideshow=\"5f4ef11\" data-elementor-lightbox-title=\"PassageMoulins1\" data-e-action-hash=\"#elementor-action%3Aaction%3Dlightbox%26settings%3DeyJpZCI6Mjk2MDYsInVybCI6Imh0dHBzOlwvXC9rZXNoLmNoXC93cC1jb250ZW50XC91cGxvYWRzXC8yMDIyXC8xMFwvUGFzc2FnZU1vdWxpbnMxLmpwZyIsInNsaWRlc2hvdyI6IjVmNGVmMTEifQ%3D%3D\" href='https:\/\/kesh.ch\/wp-content\/uploads\/2022\/10\/PassageMoulins1.jpg'><img fetchpriority=\"high\" decoding=\"async\" width=\"200\" height=\"300\" src=\"https:\/\/kesh.ch\/wp-content\/uploads\/2022\/10\/PassageMoulins1-200x300.jpg\" class=\"attachment-medium size-medium\" alt=\"\" srcset=\"https:\/\/kesh.ch\/wp-content\/uploads\/2022\/10\/PassageMoulins1-200x300.jpg 200w, https:\/\/kesh.ch\/wp-content\/uploads\/2022\/10\/PassageMoulins1.jpg 400w\" sizes=\"(max-width: 200px) 100vw, 200px\" \/><\/a>\n\t\t\t<\/div><\/figure><figure class='gallery-item'>\n\t\t\t<div class='gallery-icon portrait'>\n\t\t\t\t<a data-elementor-open-lightbox=\"yes\" data-elementor-lightbox-slideshow=\"5f4ef11\" data-elementor-lightbox-title=\"PassagesMoulins2\" data-e-action-hash=\"#elementor-action%3Aaction%3Dlightbox%26settings%3DeyJpZCI6Mjk2MDcsInVybCI6Imh0dHBzOlwvXC9rZXNoLmNoXC93cC1jb250ZW50XC91cGxvYWRzXC8yMDIyXC8xMFwvUGFzc2FnZXNNb3VsaW5zMi5qcGciLCJzbGlkZXNob3ciOiI1ZjRlZjExIn0%3D\" href='https:\/\/kesh.ch\/wp-content\/uploads\/2022\/10\/PassagesMoulins2.jpg'><img decoding=\"async\" width=\"200\" height=\"300\" src=\"https:\/\/kesh.ch\/wp-content\/uploads\/2022\/10\/PassagesMoulins2-200x300.jpg\" class=\"attachment-medium size-medium\" alt=\"\" srcset=\"https:\/\/kesh.ch\/wp-content\/uploads\/2022\/10\/PassagesMoulins2-200x300.jpg 200w, https:\/\/kesh.ch\/wp-content\/uploads\/2022\/10\/PassagesMoulins2.jpg 400w\" sizes=\"(max-width: 200px) 100vw, 200px\" \/><\/a>\n\t\t\t<\/div><\/figure><figure class='gallery-item'>\n\t\t\t<div class='gallery-icon landscape'>\n\t\t\t\t<a data-elementor-open-lightbox=\"yes\" data-elementor-lightbox-slideshow=\"5f4ef11\" data-elementor-lightbox-title=\"PassagesMoulins3\" data-e-action-hash=\"#elementor-action%3Aaction%3Dlightbox%26settings%3DeyJpZCI6Mjk2MDgsInVybCI6Imh0dHBzOlwvXC9rZXNoLmNoXC93cC1jb250ZW50XC91cGxvYWRzXC8yMDIyXC8xMFwvUGFzc2FnZXNNb3VsaW5zMy5qcGciLCJzbGlkZXNob3ciOiI1ZjRlZjExIn0%3D\" href='https:\/\/kesh.ch\/wp-content\/uploads\/2022\/10\/PassagesMoulins3.jpg'><img decoding=\"async\" width=\"300\" height=\"200\" src=\"https:\/\/kesh.ch\/wp-content\/uploads\/2022\/10\/PassagesMoulins3-300x200.jpg\" class=\"attachment-medium size-medium\" alt=\"\" srcset=\"https:\/\/kesh.ch\/wp-content\/uploads\/2022\/10\/PassagesMoulins3-300x200.jpg 300w, https:\/\/kesh.ch\/wp-content\/uploads\/2022\/10\/PassagesMoulins3.jpg 600w\" sizes=\"(max-width: 300px) 100vw, 300px\" \/><\/a>\n\t\t\t<\/div><\/figure><figure class='gallery-item'>\n\t\t\t<div class='gallery-icon portrait'>\n\t\t\t\t<a data-elementor-open-lightbox=\"yes\" data-elementor-lightbox-slideshow=\"5f4ef11\" data-elementor-lightbox-title=\"Passages des Moulins, Neuch\u00e2tel\" data-e-action-hash=\"#elementor-action%3Aaction%3Dlightbox%26settings%3DeyJpZCI6Mjk2MDksInVybCI6Imh0dHBzOlwvXC9rZXNoLmNoXC93cC1jb250ZW50XC91cGxvYWRzXC8yMDIyXC8xMFwvUGFzc2FnZXNNb3VsaW5zNC5qcGciLCJzbGlkZXNob3ciOiI1ZjRlZjExIn0%3D\" href='https:\/\/kesh.ch\/wp-content\/uploads\/2022\/10\/PassagesMoulins4.jpg'><img loading=\"lazy\" decoding=\"async\" width=\"200\" height=\"300\" src=\"https:\/\/kesh.ch\/wp-content\/uploads\/2022\/10\/PassagesMoulins4-200x300.jpg\" class=\"attachment-medium size-medium\" alt=\"\" srcset=\"https:\/\/kesh.ch\/wp-content\/uploads\/2022\/10\/PassagesMoulins4-200x300.jpg 200w, https:\/\/kesh.ch\/wp-content\/uploads\/2022\/10\/PassagesMoulins4.jpg 400w\" sizes=\"(max-width: 200px) 100vw, 200px\" \/><\/a>\n\t\t\t<\/div><\/figure><figure class='gallery-item'>\n\t\t\t<div class='gallery-icon landscape'>\n\t\t\t\t<a data-elementor-open-lightbox=\"yes\" data-elementor-lightbox-slideshow=\"5f4ef11\" data-elementor-lightbox-title=\"PassagesMoulins5\" data-e-action-hash=\"#elementor-action%3Aaction%3Dlightbox%26settings%3DeyJpZCI6Mjk2MTAsInVybCI6Imh0dHBzOlwvXC9rZXNoLmNoXC93cC1jb250ZW50XC91cGxvYWRzXC8yMDIyXC8xMFwvUGFzc2FnZXNNb3VsaW5zNS5qcGciLCJzbGlkZXNob3ciOiI1ZjRlZjExIn0%3D\" href='https:\/\/kesh.ch\/wp-content\/uploads\/2022\/10\/PassagesMoulins5.jpg'><img loading=\"lazy\" decoding=\"async\" width=\"300\" height=\"200\" src=\"https:\/\/kesh.ch\/wp-content\/uploads\/2022\/10\/PassagesMoulins5-300x200.jpg\" class=\"attachment-medium size-medium\" alt=\"\" srcset=\"https:\/\/kesh.ch\/wp-content\/uploads\/2022\/10\/PassagesMoulins5-300x200.jpg 300w, https:\/\/kesh.ch\/wp-content\/uploads\/2022\/10\/PassagesMoulins5.jpg 600w\" sizes=\"(max-width: 300px) 100vw, 300px\" \/><\/a>\n\t\t\t<\/div><\/figure><figure class='gallery-item'>\n\t\t\t<div class='gallery-icon landscape'>\n\t\t\t\t<a data-elementor-open-lightbox=\"yes\" data-elementor-lightbox-slideshow=\"5f4ef11\" data-elementor-lightbox-title=\"Passage des Fausses Brayes, Neuch\u00e2tel\" data-e-action-hash=\"#elementor-action%3Aaction%3Dlightbox%26settings%3DeyJpZCI6Mjk2MTQsInVybCI6Imh0dHBzOlwvXC9rZXNoLmNoXC93cC1jb250ZW50XC91cGxvYWRzXC8yMDIyXC8xMFwvUGFzc2FnZUZhdXNzZUJyYXllcy5qcGciLCJzbGlkZXNob3ciOiI1ZjRlZjExIn0%3D\" href='https:\/\/kesh.ch\/wp-content\/uploads\/2022\/10\/PassageFausseBrayes.jpg'><img loading=\"lazy\" decoding=\"async\" width=\"300\" height=\"200\" src=\"https:\/\/kesh.ch\/wp-content\/uploads\/2022\/10\/PassageFausseBrayes-300x200.jpg\" class=\"attachment-medium size-medium\" alt=\"\" srcset=\"https:\/\/kesh.ch\/wp-content\/uploads\/2022\/10\/PassageFausseBrayes-300x200.jpg 300w, https:\/\/kesh.ch\/wp-content\/uploads\/2022\/10\/PassageFausseBrayes.jpg 600w\" sizes=\"(max-width: 300px) 100vw, 300px\" \/><\/a>\n\t\t\t<\/div><\/figure><figure class='gallery-item'>\n\t\t\t<div class='gallery-icon landscape'>\n\t\t\t\t<a data-elementor-open-lightbox=\"yes\" data-elementor-lightbox-slideshow=\"5f4ef11\" data-elementor-lightbox-title=\"Passage des Boucheries, Neuch\u00e2tel\" data-e-action-hash=\"#elementor-action%3Aaction%3Dlightbox%26settings%3DeyJpZCI6Mjk2MTUsInVybCI6Imh0dHBzOlwvXC9rZXNoLmNoXC93cC1jb250ZW50XC91cGxvYWRzXC8yMDIyXC8xMFwvUGFzc2FnZUJvdWNoZXJpZXMxLmpwZyIsInNsaWRlc2hvdyI6IjVmNGVmMTEifQ%3D%3D\" href='https:\/\/kesh.ch\/wp-content\/uploads\/2022\/10\/PassageBoucheries1.jpg'><img loading=\"lazy\" decoding=\"async\" width=\"300\" height=\"200\" src=\"https:\/\/kesh.ch\/wp-content\/uploads\/2022\/10\/PassageBoucheries1-300x200.jpg\" class=\"attachment-medium size-medium\" alt=\"\" srcset=\"https:\/\/kesh.ch\/wp-content\/uploads\/2022\/10\/PassageBoucheries1-300x200.jpg 300w, https:\/\/kesh.ch\/wp-content\/uploads\/2022\/10\/PassageBoucheries1.jpg 600w\" sizes=\"(max-width: 300px) 100vw, 300px\" \/><\/a>\n\t\t\t<\/div><\/figure><figure class='gallery-item'>\n\t\t\t<div class='gallery-icon landscape'>\n\t\t\t\t<a data-elementor-open-lightbox=\"yes\" data-elementor-lightbox-slideshow=\"5f4ef11\" data-elementor-lightbox-title=\"PassageBoucheries2\" data-e-action-hash=\"#elementor-action%3Aaction%3Dlightbox%26settings%3DeyJpZCI6Mjk2MTYsInVybCI6Imh0dHBzOlwvXC9rZXNoLmNoXC93cC1jb250ZW50XC91cGxvYWRzXC8yMDIyXC8xMFwvUGFzc2FnZUJvdWNoZXJpZXMyLmpwZyIsInNsaWRlc2hvdyI6IjVmNGVmMTEifQ%3D%3D\" href='https:\/\/kesh.ch\/wp-content\/uploads\/2022\/10\/PassageBoucheries2.jpg'><img loading=\"lazy\" decoding=\"async\" width=\"300\" height=\"200\" src=\"https:\/\/kesh.ch\/wp-content\/uploads\/2022\/10\/PassageBoucheries2-300x200.jpg\" class=\"attachment-medium size-medium\" alt=\"\" srcset=\"https:\/\/kesh.ch\/wp-content\/uploads\/2022\/10\/PassageBoucheries2-300x200.jpg 300w, https:\/\/kesh.ch\/wp-content\/uploads\/2022\/10\/PassageBoucheries2.jpg 600w\" sizes=\"(max-width: 300px) 100vw, 300px\" \/><\/a>\n\t\t\t<\/div><\/figure><figure class='gallery-item'>\n\t\t\t<div class='gallery-icon landscape'>\n\t\t\t\t<a data-elementor-open-lightbox=\"yes\" data-elementor-lightbox-slideshow=\"5f4ef11\" data-elementor-lightbox-title=\"RuelleNeubourg1\" data-e-action-hash=\"#elementor-action%3Aaction%3Dlightbox%26settings%3DeyJpZCI6Mjk2MTcsInVybCI6Imh0dHBzOlwvXC9rZXNoLmNoXC93cC1jb250ZW50XC91cGxvYWRzXC8yMDIyXC8xMFwvUnVlbGxlTmV1Ym91cmcxLmpwZyIsInNsaWRlc2hvdyI6IjVmNGVmMTEifQ%3D%3D\" href='https:\/\/kesh.ch\/wp-content\/uploads\/2022\/10\/RuelleNeubourg1.jpg'><img loading=\"lazy\" decoding=\"async\" width=\"300\" height=\"200\" src=\"https:\/\/kesh.ch\/wp-content\/uploads\/2022\/10\/RuelleNeubourg1-300x200.jpg\" class=\"attachment-medium size-medium\" alt=\"\" srcset=\"https:\/\/kesh.ch\/wp-content\/uploads\/2022\/10\/RuelleNeubourg1-300x200.jpg 300w, https:\/\/kesh.ch\/wp-content\/uploads\/2022\/10\/RuelleNeubourg1.jpg 600w\" sizes=\"(max-width: 300px) 100vw, 300px\" \/><\/a>\n\t\t\t<\/div><\/figure><figure class='gallery-item'>\n\t\t\t<div class='gallery-icon landscape'>\n\t\t\t\t<a data-elementor-open-lightbox=\"yes\" data-elementor-lightbox-slideshow=\"5f4ef11\" data-elementor-lightbox-title=\"RuelleNeubourg2\" data-e-action-hash=\"#elementor-action%3Aaction%3Dlightbox%26settings%3DeyJpZCI6Mjk2MTgsInVybCI6Imh0dHBzOlwvXC9rZXNoLmNoXC93cC1jb250ZW50XC91cGxvYWRzXC8yMDIyXC8xMFwvUnVlbGxlTmV1Ym91cmcyLmpwZyIsInNsaWRlc2hvdyI6IjVmNGVmMTEifQ%3D%3D\" href='https:\/\/kesh.ch\/wp-content\/uploads\/2022\/10\/RuelleNeubourg2.jpg'><img loading=\"lazy\" decoding=\"async\" width=\"300\" height=\"200\" src=\"https:\/\/kesh.ch\/wp-content\/uploads\/2022\/10\/RuelleNeubourg2-300x200.jpg\" class=\"attachment-medium size-medium\" alt=\"\" srcset=\"https:\/\/kesh.ch\/wp-content\/uploads\/2022\/10\/RuelleNeubourg2-300x200.jpg 300w, https:\/\/kesh.ch\/wp-content\/uploads\/2022\/10\/RuelleNeubourg2.jpg 600w\" sizes=\"(max-width: 300px) 100vw, 300px\" \/><\/a>\n\t\t\t<\/div><\/figure><figure class='gallery-item'>\n\t\t\t<div class='gallery-icon landscape'>\n\t\t\t\t<a data-elementor-open-lightbox=\"yes\" data-elementor-lightbox-slideshow=\"5f4ef11\" data-elementor-lightbox-title=\"RuelleNeubourg3\" data-e-action-hash=\"#elementor-action%3Aaction%3Dlightbox%26settings%3DeyJpZCI6Mjk2MTksInVybCI6Imh0dHBzOlwvXC9rZXNoLmNoXC93cC1jb250ZW50XC91cGxvYWRzXC8yMDIyXC8xMFwvUnVlbGxlTmV1Ym91cmczLmpwZyIsInNsaWRlc2hvdyI6IjVmNGVmMTEifQ%3D%3D\" href='https:\/\/kesh.ch\/wp-content\/uploads\/2022\/10\/RuelleNeubourg3.jpg'><img loading=\"lazy\" decoding=\"async\" width=\"300\" height=\"200\" src=\"https:\/\/kesh.ch\/wp-content\/uploads\/2022\/10\/RuelleNeubourg3-300x200.jpg\" class=\"attachment-medium size-medium\" alt=\"\" srcset=\"https:\/\/kesh.ch\/wp-content\/uploads\/2022\/10\/RuelleNeubourg3-300x200.jpg 300w, https:\/\/kesh.ch\/wp-content\/uploads\/2022\/10\/RuelleNeubourg3.jpg 600w\" sizes=\"(max-width: 300px) 100vw, 300px\" \/><\/a>\n\t\t\t<\/div><\/figure><figure class='gallery-item'>\n\t\t\t<div class='gallery-icon landscape'>\n\t\t\t\t<a data-elementor-open-lightbox=\"yes\" data-elementor-lightbox-slideshow=\"5f4ef11\" data-elementor-lightbox-title=\"RuelleNeubourg4\" data-e-action-hash=\"#elementor-action%3Aaction%3Dlightbox%26settings%3DeyJpZCI6Mjk2MjAsInVybCI6Imh0dHBzOlwvXC9rZXNoLmNoXC93cC1jb250ZW50XC91cGxvYWRzXC8yMDIyXC8xMFwvUnVlbGxlTmV1Ym91cmc0LmpwZyIsInNsaWRlc2hvdyI6IjVmNGVmMTEifQ%3D%3D\" href='https:\/\/kesh.ch\/wp-content\/uploads\/2022\/10\/RuelleNeubourg4.jpg'><img loading=\"lazy\" decoding=\"async\" width=\"300\" height=\"200\" src=\"https:\/\/kesh.ch\/wp-content\/uploads\/2022\/10\/RuelleNeubourg4-300x200.jpg\" class=\"attachment-medium size-medium\" alt=\"\" srcset=\"https:\/\/kesh.ch\/wp-content\/uploads\/2022\/10\/RuelleNeubourg4-300x200.jpg 300w, https:\/\/kesh.ch\/wp-content\/uploads\/2022\/10\/RuelleNeubourg4.jpg 600w\" sizes=\"(max-width: 300px) 100vw, 300px\" \/><\/a>\n\t\t\t<\/div><\/figure><figure class='gallery-item'>\n\t\t\t<div class='gallery-icon landscape'>\n\t\t\t\t<a data-elementor-open-lightbox=\"yes\" data-elementor-lightbox-slideshow=\"5f4ef11\" data-elementor-lightbox-title=\"RuelleNeubourg5\" data-e-action-hash=\"#elementor-action%3Aaction%3Dlightbox%26settings%3DeyJpZCI6Mjk2MjEsInVybCI6Imh0dHBzOlwvXC9rZXNoLmNoXC93cC1jb250ZW50XC91cGxvYWRzXC8yMDIyXC8xMFwvUnVlbGxlTmV1Ym91cmc1LmpwZyIsInNsaWRlc2hvdyI6IjVmNGVmMTEifQ%3D%3D\" href='https:\/\/kesh.ch\/wp-content\/uploads\/2022\/10\/RuelleNeubourg5.jpg'><img loading=\"lazy\" decoding=\"async\" width=\"300\" height=\"200\" src=\"https:\/\/kesh.ch\/wp-content\/uploads\/2022\/10\/RuelleNeubourg5-300x200.jpg\" class=\"attachment-medium size-medium\" alt=\"\" srcset=\"https:\/\/kesh.ch\/wp-content\/uploads\/2022\/10\/RuelleNeubourg5-300x200.jpg 300w, https:\/\/kesh.ch\/wp-content\/uploads\/2022\/10\/RuelleNeubourg5.jpg 600w\" sizes=\"(max-width: 300px) 100vw, 300px\" \/><\/a>\n\t\t\t<\/div><\/figure>\n\t\t<\/div>\n\t\t<\/div>\n\t\t\t\t\t\t<\/div>\n\t\t\t\t<\/div>\n\t\t\t\t\t<\/div>\n\t\t<\/div>\n\t\t\t\t\t<\/div>\n\t\t<\/section>\n\t\t\t\t<\/div>\n\t\t","protected":false},"excerpt":{"rendered":"<p>Portfolio Commune Les fresques sont une alternative artistique et \/ou didactique aux d\u00e9gradations occasionn\u00e9es par les graffeurs ill\u00e9gaux. La beaut\u00e9, le caract\u00e8re historique ou informatif des fresques am\u00e8ne une notori\u00e9t\u00e9 suppl\u00e9mentaire \u00e0 votre commune. Pourquoi ne pas les int\u00e9grer dans la visite de votre ville afin d\u2019appuyer une date historique, une \u00e9poque, un \u00e9v\u00e9nement sp\u00e9cifique [&hellip;]<\/p>\n","protected":false},"author":1,"featured_media":0,"parent":0,"menu_order":0,"comment_status":"closed","ping_status":"closed","template":"","meta":{"site-sidebar-layout":"no-sidebar","site-content-layout":"page-builder","ast-site-content-layout":"default","site-content-style":"default","site-sidebar-style":"default","ast-global-header-display":"","ast-banner-title-visibility":"","ast-main-header-display":"","ast-hfb-above-header-display":"","ast-hfb-below-header-display":"","ast-hfb-mobile-header-display":"","site-post-title":"disabled","ast-breadcrumbs-content":"","ast-featured-img":"disabled","footer-sml-layout":"","ast-disable-related-posts":"","theme-transparent-header-meta":"","adv-header-id-meta":"","stick-header-meta":"","header-above-stick-meta":"","header-main-stick-meta":"","header-below-stick-meta":"","astra-migrate-meta-layouts":"default","ast-page-background-enabled":"default","ast-page-background-meta":{"desktop":{"background-color":"var(--ast-global-color-4)","background-image":"","background-repeat":"repeat","background-position":"center center","background-size":"auto","background-attachment":"scroll","background-type":"","background-media":"","overlay-type":"","overlay-color":"","overlay-opacity":"","overlay-gradient":""},"tablet":{"background-color":"","background-image":"","background-repeat":"repeat","background-position":"center center","background-size":"auto","background-attachment":"scroll","background-type":"","background-media":"","overlay-type":"","overlay-color":"","overlay-opacity":"","overlay-gradient":""},"mobile":{"background-color":"","background-image":"","background-repeat":"repeat","background-position":"center center","background-size":"auto","background-attachment":"scroll","background-type":"","background-media":"","overlay-type":"","overlay-color":"","overlay-opacity":"","overlay-gradient":""}},"ast-content-background-meta":{"desktop":{"background-color":"var(--ast-global-color-5)","background-image":"","background-repeat":"repeat","background-position":"center center","background-size":"auto","background-attachment":"scroll","background-type":"","background-media":"","overlay-type":"","overlay-color":"","overlay-opacity":"","overlay-gradient":""},"tablet":{"background-color":"var(--ast-global-color-5)","background-image":"","background-repeat":"repeat","background-position":"center center","background-size":"auto","background-attachment":"scroll","background-type":"","background-media":"","overlay-type":"","overlay-color":"","overlay-opacity":"","overlay-gradient":""},"mobile":{"background-color":"var(--ast-global-color-5)","background-image":"","background-repeat":"repeat","background-position":"center center","background-size":"auto","background-attachment":"scroll","background-type":"","background-media":"","overlay-type":"","overlay-color":"","overlay-opacity":"","overlay-gradient":""}},"footnotes":""},"class_list":["post-29605","page","type-page","status-publish","hentry"],"_links":{"self":[{"href":"https:\/\/kesh.ch\/accueil\/wp-json\/wp\/v2\/pages\/29605","targetHints":{"allow":["GET"]}}],"collection":[{"href":"https:\/\/kesh.ch\/accueil\/wp-json\/wp\/v2\/pages"}],"about":[{"href":"https:\/\/kesh.ch\/accueil\/wp-json\/wp\/v2\/types\/page"}],"author":[{"embeddable":true,"href":"https:\/\/kesh.ch\/accueil\/wp-json\/wp\/v2\/users\/1"}],"replies":[{"embeddable":true,"href":"https:\/\/kesh.ch\/accueil\/wp-json\/wp\/v2\/comments?post=29605"}],"version-history":[{"count":19,"href":"https:\/\/kesh.ch\/accueil\/wp-json\/wp\/v2\/pages\/29605\/revisions"}],"predecessor-version":[{"id":30046,"href":"https:\/\/kesh.ch\/accueil\/wp-json\/wp\/v2\/pages\/29605\/revisions\/30046"}],"wp:attachment":[{"href":"https:\/\/kesh.ch\/accueil\/wp-json\/wp\/v2\/media?parent=29605"}],"curies":[{"name":"wp","href":"https:\/\/api.w.org\/{rel}","templated":true}]}}