{"id":29192,"date":"2022-09-29T11:41:25","date_gmt":"2022-09-29T09:41:25","guid":{"rendered":"https:\/\/new.kesh.ch\/?page_id=29192"},"modified":"2024-02-12T12:29:15","modified_gmt":"2024-02-12T11:29:15","slug":"etablissement-medical","status":"publish","type":"page","link":"https:\/\/kesh.ch\/accueil\/etablissement-medical\/","title":{"rendered":"Portfolio Etablissement m\u00e9dical"},"content":{"rendered":"\t\t<div data-elementor-type=\"wp-page\" data-elementor-id=\"29192\" class=\"elementor elementor-29192\">\n\t\t\t\t\t\t<section class=\"elementor-section elementor-top-section elementor-element elementor-element-bfd92d0 elementor-section-boxed elementor-section-height-default elementor-section-height-default\" data-id=\"bfd92d0\" data-element_type=\"section\">\n\t\t\t\t\t\t<div class=\"elementor-container elementor-column-gap-default\">\n\t\t\t\t\t<div class=\"elementor-column elementor-col-100 elementor-top-column elementor-element elementor-element-5ec7233\" data-id=\"5ec7233\" data-element_type=\"column\">\n\t\t\t<div class=\"elementor-widget-wrap elementor-element-populated\">\n\t\t\t\t\t\t<div class=\"elementor-element elementor-element-1a49b2b elementor-widget elementor-widget-heading\" data-id=\"1a49b2b\" data-element_type=\"widget\" data-widget_type=\"heading.default\">\n\t\t\t\t<div class=\"elementor-widget-container\">\n\t\t\t\t\t<h3 class=\"elementor-heading-title elementor-size-default\">Portfolio Etablissement M\u00e9dical<\/h3>\t\t\t\t<\/div>\n\t\t\t\t<\/div>\n\t\t\t\t<div class=\"elementor-element elementor-element-cda9197 elementor-widget elementor-widget-text-editor\" data-id=\"cda9197\" data-element_type=\"widget\" data-widget_type=\"text-editor.default\">\n\t\t\t\t<div class=\"elementor-widget-container\">\n\t\t\t\t\t\t\t\t\t<p>Apportez une ambiance de bien-\u00eatre et de s\u00e9r\u00e9nit\u00e9 dans vos salles d&rsquo;attente, de consultations ou d&rsquo;examens. Faites la diff\u00e9rence dans votre clinique ou h\u00f4pital en privil\u00e9giant une d\u00e9coration \u00e0 la fois artistique et apaisante. Mes r\u00e9alisation sont ex\u00e9cut\u00e9es avec des produits \u00e0 l&rsquo;eau et sans odeurs ce qui me permets de travailler sans que vous ayez besoin de fermer vos locaux. Pour plus d&rsquo;information envoyer moi un message via le formulaire de <a href=\"https:\/\/kesh.ch\/contact\/\">contact<\/a>.<\/p>\t\t\t\t\t\t\t\t<\/div>\n\t\t\t\t<\/div>\n\t\t\t\t\t<\/div>\n\t\t<\/div>\n\t\t\t\t\t<\/div>\n\t\t<\/section>\n\t\t\t\t<section class=\"elementor-section elementor-top-section elementor-element elementor-element-9667282 elementor-section-boxed elementor-section-height-default elementor-section-height-default\" data-id=\"9667282\" data-element_type=\"section\">\n\t\t\t\t\t\t<div class=\"elementor-container elementor-column-gap-default\">\n\t\t\t\t\t<div class=\"elementor-column elementor-col-100 elementor-top-column elementor-element elementor-element-08a293b\" data-id=\"08a293b\" data-element_type=\"column\">\n\t\t\t<div class=\"elementor-widget-wrap elementor-element-populated\">\n\t\t\t\t\t\t<div class=\"elementor-element elementor-element-4cca72d gallery-spacing-custom elementor-widget elementor-widget-image-gallery\" data-id=\"4cca72d\" data-element_type=\"widget\" data-widget_type=\"image-gallery.default\">\n\t\t\t\t<div class=\"elementor-widget-container\">\n\t\t\t\t\t\t\t<div class=\"elementor-image-gallery\">\n\t\t\t<div id='gallery-1' class='gallery galleryid-29192 gallery-columns-4 gallery-size-medium'><figure class='gallery-item'>\n\t\t\t<div class='gallery-icon landscape'>\n\t\t\t\t<a data-elementor-open-lightbox=\"yes\" data-elementor-lightbox-slideshow=\"4cca72d\" data-elementor-lightbox-title=\"DentajoiePorrentruy1\" data-e-action-hash=\"#elementor-action%3Aaction%3Dlightbox%26settings%3DeyJpZCI6MjkxOTYsInVybCI6Imh0dHBzOlwvXC9rZXNoLmNoXC93cC1jb250ZW50XC91cGxvYWRzXC8yMDIyXC8wOVwvQ2FiRGVudGFpcmVQb3JyZW50cnV5MS5qcGciLCJzbGlkZXNob3ciOiI0Y2NhNzJkIn0%3D\" href='https:\/\/kesh.ch\/wp-content\/uploads\/2022\/09\/CabDentairePorrentruy1.jpg'><img fetchpriority=\"high\" decoding=\"async\" width=\"300\" height=\"200\" src=\"https:\/\/kesh.ch\/wp-content\/uploads\/2022\/09\/CabDentairePorrentruy1-300x200.jpg\" class=\"attachment-medium size-medium\" alt=\"\" srcset=\"https:\/\/kesh.ch\/wp-content\/uploads\/2022\/09\/CabDentairePorrentruy1-300x200.jpg 300w, https:\/\/kesh.ch\/wp-content\/uploads\/2022\/09\/CabDentairePorrentruy1.jpg 600w\" sizes=\"(max-width: 300px) 100vw, 300px\" \/><\/a>\n\t\t\t<\/div><\/figure><figure class='gallery-item'>\n\t\t\t<div class='gallery-icon landscape'>\n\t\t\t\t<a data-elementor-open-lightbox=\"yes\" data-elementor-lightbox-slideshow=\"4cca72d\" data-elementor-lightbox-title=\"DentajoiePorrentruy2\" data-e-action-hash=\"#elementor-action%3Aaction%3Dlightbox%26settings%3DeyJpZCI6MjkxOTcsInVybCI6Imh0dHBzOlwvXC9rZXNoLmNoXC93cC1jb250ZW50XC91cGxvYWRzXC8yMDIyXC8wOVwvQ2FiRGVudGFpcmVQb3JyZW50cnV5Mi5qcGciLCJzbGlkZXNob3ciOiI0Y2NhNzJkIn0%3D\" href='https:\/\/kesh.ch\/wp-content\/uploads\/2022\/09\/CabDentairePorrentruy2.jpg'><img decoding=\"async\" width=\"300\" height=\"200\" src=\"https:\/\/kesh.ch\/wp-content\/uploads\/2022\/09\/CabDentairePorrentruy2-300x200.jpg\" class=\"attachment-medium size-medium\" alt=\"\" srcset=\"https:\/\/kesh.ch\/wp-content\/uploads\/2022\/09\/CabDentairePorrentruy2-300x200.jpg 300w, https:\/\/kesh.ch\/wp-content\/uploads\/2022\/09\/CabDentairePorrentruy2.jpg 600w\" sizes=\"(max-width: 300px) 100vw, 300px\" \/><\/a>\n\t\t\t<\/div><\/figure><figure class='gallery-item'>\n\t\t\t<div class='gallery-icon landscape'>\n\t\t\t\t<a data-elementor-open-lightbox=\"yes\" data-elementor-lightbox-slideshow=\"4cca72d\" data-elementor-lightbox-title=\"DentajoiePorrentruy3\" data-e-action-hash=\"#elementor-action%3Aaction%3Dlightbox%26settings%3DeyJpZCI6MjkxOTgsInVybCI6Imh0dHBzOlwvXC9rZXNoLmNoXC93cC1jb250ZW50XC91cGxvYWRzXC8yMDIyXC8wOVwvQ2FiRGVudGFpcmVQb3JyZW50cnV5My5qcGciLCJzbGlkZXNob3ciOiI0Y2NhNzJkIn0%3D\" href='https:\/\/kesh.ch\/wp-content\/uploads\/2022\/09\/CabDentairePorrentruy3.jpg'><img decoding=\"async\" width=\"300\" height=\"200\" src=\"https:\/\/kesh.ch\/wp-content\/uploads\/2022\/09\/CabDentairePorrentruy3-300x200.jpg\" class=\"attachment-medium size-medium\" alt=\"\" srcset=\"https:\/\/kesh.ch\/wp-content\/uploads\/2022\/09\/CabDentairePorrentruy3-300x200.jpg 300w, https:\/\/kesh.ch\/wp-content\/uploads\/2022\/09\/CabDentairePorrentruy3.jpg 600w\" sizes=\"(max-width: 300px) 100vw, 300px\" \/><\/a>\n\t\t\t<\/div><\/figure><figure class='gallery-item'>\n\t\t\t<div class='gallery-icon landscape'>\n\t\t\t\t<a data-elementor-open-lightbox=\"yes\" data-elementor-lightbox-slideshow=\"4cca72d\" data-elementor-lightbox-title=\"DentajoiePorrentruy4\" data-e-action-hash=\"#elementor-action%3Aaction%3Dlightbox%26settings%3DeyJpZCI6MjkxOTksInVybCI6Imh0dHBzOlwvXC9rZXNoLmNoXC93cC1jb250ZW50XC91cGxvYWRzXC8yMDIyXC8wOVwvQ2FiRGVudGFpcmVQb3JyZW50cnV5NC5qcGciLCJzbGlkZXNob3ciOiI0Y2NhNzJkIn0%3D\" href='https:\/\/kesh.ch\/wp-content\/uploads\/2022\/09\/CabDentairePorrentruy4.jpg'><img loading=\"lazy\" decoding=\"async\" width=\"300\" height=\"200\" src=\"https:\/\/kesh.ch\/wp-content\/uploads\/2022\/09\/CabDentairePorrentruy4-300x200.jpg\" class=\"attachment-medium size-medium\" alt=\"\" srcset=\"https:\/\/kesh.ch\/wp-content\/uploads\/2022\/09\/CabDentairePorrentruy4-300x200.jpg 300w, https:\/\/kesh.ch\/wp-content\/uploads\/2022\/09\/CabDentairePorrentruy4.jpg 600w\" sizes=\"(max-width: 300px) 100vw, 300px\" \/><\/a>\n\t\t\t<\/div><\/figure><figure class='gallery-item'>\n\t\t\t<div class='gallery-icon landscape'>\n\t\t\t\t<a data-elementor-open-lightbox=\"yes\" data-elementor-lightbox-slideshow=\"4cca72d\" data-elementor-lightbox-title=\"PediatriePayerne1\" data-e-action-hash=\"#elementor-action%3Aaction%3Dlightbox%26settings%3DeyJpZCI6MjkyMDEsInVybCI6Imh0dHBzOlwvXC9rZXNoLmNoXC93cC1jb250ZW50XC91cGxvYWRzXC8yMDIyXC8wOVwvQ2FiaW5ldDEuanBnIiwic2xpZGVzaG93IjoiNGNjYTcyZCJ9\" href='https:\/\/kesh.ch\/wp-content\/uploads\/2022\/09\/Cabinet1.jpg'><img loading=\"lazy\" decoding=\"async\" width=\"300\" height=\"200\" src=\"https:\/\/kesh.ch\/wp-content\/uploads\/2022\/09\/Cabinet1-300x200.jpg\" class=\"attachment-medium size-medium\" alt=\"\" srcset=\"https:\/\/kesh.ch\/wp-content\/uploads\/2022\/09\/Cabinet1-300x200.jpg 300w, https:\/\/kesh.ch\/wp-content\/uploads\/2022\/09\/Cabinet1.jpg 600w\" sizes=\"(max-width: 300px) 100vw, 300px\" \/><\/a>\n\t\t\t<\/div><\/figure><figure class='gallery-item'>\n\t\t\t<div class='gallery-icon landscape'>\n\t\t\t\t<a data-elementor-open-lightbox=\"yes\" data-elementor-lightbox-slideshow=\"4cca72d\" data-elementor-lightbox-title=\"PediatriePayerne2\" data-e-action-hash=\"#elementor-action%3Aaction%3Dlightbox%26settings%3DeyJpZCI6MjkyMDIsInVybCI6Imh0dHBzOlwvXC9rZXNoLmNoXC93cC1jb250ZW50XC91cGxvYWRzXC8yMDIyXC8wOVwvQ2FiaW5ldDIuanBnIiwic2xpZGVzaG93IjoiNGNjYTcyZCJ9\" href='https:\/\/kesh.ch\/wp-content\/uploads\/2022\/09\/Cabinet2.jpg'><img loading=\"lazy\" decoding=\"async\" width=\"300\" height=\"200\" src=\"https:\/\/kesh.ch\/wp-content\/uploads\/2022\/09\/Cabinet2-300x200.jpg\" class=\"attachment-medium size-medium\" alt=\"\" srcset=\"https:\/\/kesh.ch\/wp-content\/uploads\/2022\/09\/Cabinet2-300x200.jpg 300w, https:\/\/kesh.ch\/wp-content\/uploads\/2022\/09\/Cabinet2.jpg 600w\" sizes=\"(max-width: 300px) 100vw, 300px\" \/><\/a>\n\t\t\t<\/div><\/figure><figure class='gallery-item'>\n\t\t\t<div class='gallery-icon landscape'>\n\t\t\t\t<a data-elementor-open-lightbox=\"yes\" data-elementor-lightbox-slideshow=\"4cca72d\" data-elementor-lightbox-title=\"PediatriePayerne3\" data-e-action-hash=\"#elementor-action%3Aaction%3Dlightbox%26settings%3DeyJpZCI6MjkyMDAsInVybCI6Imh0dHBzOlwvXC9rZXNoLmNoXC93cC1jb250ZW50XC91cGxvYWRzXC8yMDIyXC8wOVwvQ2FiaTEuanBnIiwic2xpZGVzaG93IjoiNGNjYTcyZCJ9\" href='https:\/\/kesh.ch\/wp-content\/uploads\/2022\/09\/Cabi1.jpg'><img loading=\"lazy\" decoding=\"async\" width=\"300\" height=\"200\" src=\"https:\/\/kesh.ch\/wp-content\/uploads\/2022\/09\/Cabi1-300x200.jpg\" class=\"attachment-medium size-medium\" alt=\"\" srcset=\"https:\/\/kesh.ch\/wp-content\/uploads\/2022\/09\/Cabi1-300x200.jpg 300w, https:\/\/kesh.ch\/wp-content\/uploads\/2022\/09\/Cabi1.jpg 600w\" sizes=\"(max-width: 300px) 100vw, 300px\" \/><\/a>\n\t\t\t<\/div><\/figure><figure class='gallery-item'>\n\t\t\t<div class='gallery-icon landscape'>\n\t\t\t\t<a data-elementor-open-lightbox=\"yes\" data-elementor-lightbox-slideshow=\"4cca72d\" data-elementor-lightbox-title=\"P\u00e9diatrieCh\u00e2tel2\" data-e-action-hash=\"#elementor-action%3Aaction%3Dlightbox%26settings%3DeyJpZCI6MzAwNzMsInVybCI6Imh0dHBzOlwvXC9rZXNoLmNoXC93cC1jb250ZW50XC91cGxvYWRzXC8yMDI0XC8wMlwvUGVkaWF0cmllQ2hhdGVsMi5qcGciLCJzbGlkZXNob3ciOiI0Y2NhNzJkIn0%3D\" href='https:\/\/kesh.ch\/wp-content\/uploads\/2024\/02\/PediatrieChatel2.jpg'><img loading=\"lazy\" decoding=\"async\" width=\"300\" height=\"200\" src=\"https:\/\/kesh.ch\/wp-content\/uploads\/2024\/02\/PediatrieChatel2-300x200.jpg\" class=\"attachment-medium size-medium\" alt=\"\" srcset=\"https:\/\/kesh.ch\/wp-content\/uploads\/2024\/02\/PediatrieChatel2-300x200.jpg 300w, https:\/\/kesh.ch\/wp-content\/uploads\/2024\/02\/PediatrieChatel2.jpg 600w\" sizes=\"(max-width: 300px) 100vw, 300px\" \/><\/a>\n\t\t\t<\/div><\/figure><figure class='gallery-item'>\n\t\t\t<div class='gallery-icon portrait'>\n\t\t\t\t<a data-elementor-open-lightbox=\"yes\" data-elementor-lightbox-slideshow=\"4cca72d\" data-elementor-lightbox-title=\"PediatriePayerne6\" data-e-action-hash=\"#elementor-action%3Aaction%3Dlightbox%26settings%3DeyJpZCI6MjkyMDQsInVybCI6Imh0dHBzOlwvXC9rZXNoLmNoXC93cC1jb250ZW50XC91cGxvYWRzXC8yMDIyXC8wOVwvU2FsbGVBdHRlbnRlLmpwZyIsInNsaWRlc2hvdyI6IjRjY2E3MmQifQ%3D%3D\" href='https:\/\/kesh.ch\/wp-content\/uploads\/2022\/09\/SalleAttente.jpg'><img loading=\"lazy\" decoding=\"async\" width=\"200\" height=\"300\" src=\"https:\/\/kesh.ch\/wp-content\/uploads\/2022\/09\/SalleAttente-200x300.jpg\" class=\"attachment-medium size-medium\" alt=\"\" srcset=\"https:\/\/kesh.ch\/wp-content\/uploads\/2022\/09\/SalleAttente-200x300.jpg 200w, https:\/\/kesh.ch\/wp-content\/uploads\/2022\/09\/SalleAttente.jpg 400w\" sizes=\"(max-width: 200px) 100vw, 200px\" \/><\/a>\n\t\t\t<\/div><\/figure><figure class='gallery-item'>\n\t\t\t<div class='gallery-icon portrait'>\n\t\t\t\t<a data-elementor-open-lightbox=\"yes\" data-elementor-lightbox-slideshow=\"4cca72d\" data-elementor-lightbox-title=\"PediatriePayerne7\" data-e-action-hash=\"#elementor-action%3Aaction%3Dlightbox%26settings%3DeyJpZCI6MjkyMDMsInVybCI6Imh0dHBzOlwvXC9rZXNoLmNoXC93cC1jb250ZW50XC91cGxvYWRzXC8yMDIyXC8wOVwvQ2FiaW5ldDMuanBnIiwic2xpZGVzaG93IjoiNGNjYTcyZCJ9\" href='https:\/\/kesh.ch\/wp-content\/uploads\/2022\/09\/Cabinet3.jpg'><img loading=\"lazy\" decoding=\"async\" width=\"200\" height=\"300\" src=\"https:\/\/kesh.ch\/wp-content\/uploads\/2022\/09\/Cabinet3-200x300.jpg\" class=\"attachment-medium size-medium\" alt=\"\" srcset=\"https:\/\/kesh.ch\/wp-content\/uploads\/2022\/09\/Cabinet3-200x300.jpg 200w, https:\/\/kesh.ch\/wp-content\/uploads\/2022\/09\/Cabinet3.jpg 400w\" sizes=\"(max-width: 200px) 100vw, 200px\" \/><\/a>\n\t\t\t<\/div><\/figure><figure class='gallery-item'>\n\t\t\t<div class='gallery-icon portrait'>\n\t\t\t\t<a data-elementor-open-lightbox=\"yes\" data-elementor-lightbox-slideshow=\"4cca72d\" data-elementor-lightbox-title=\"PediatriePayerne5\" data-e-action-hash=\"#elementor-action%3Aaction%3Dlightbox%26settings%3DeyJpZCI6MjkxOTQsInVybCI6Imh0dHBzOlwvXC9rZXNoLmNoXC93cC1jb250ZW50XC91cGxvYWRzXC8yMDIyXC8wOVwvQ2FiMS5qcGciLCJzbGlkZXNob3ciOiI0Y2NhNzJkIn0%3D\" href='https:\/\/kesh.ch\/wp-content\/uploads\/2022\/09\/Cab1.jpg'><img loading=\"lazy\" decoding=\"async\" width=\"200\" height=\"300\" src=\"https:\/\/kesh.ch\/wp-content\/uploads\/2022\/09\/Cab1-200x300.jpg\" class=\"attachment-medium size-medium\" alt=\"\" srcset=\"https:\/\/kesh.ch\/wp-content\/uploads\/2022\/09\/Cab1-200x300.jpg 200w, https:\/\/kesh.ch\/wp-content\/uploads\/2022\/09\/Cab1.jpg 400w\" sizes=\"(max-width: 200px) 100vw, 200px\" \/><\/a>\n\t\t\t<\/div><\/figure><figure class='gallery-item'>\n\t\t\t<div class='gallery-icon landscape'>\n\t\t\t\t<a data-elementor-open-lightbox=\"yes\" data-elementor-lightbox-slideshow=\"4cca72d\" data-elementor-lightbox-title=\"P\u00e9diatrieCh\u00e2tel1\" data-e-action-hash=\"#elementor-action%3Aaction%3Dlightbox%26settings%3DeyJpZCI6MzAwNzIsInVybCI6Imh0dHBzOlwvXC9rZXNoLmNoXC93cC1jb250ZW50XC91cGxvYWRzXC8yMDI0XC8wMlwvUGVkaWF0cmllQ2hhdGVsMS5qcGciLCJzbGlkZXNob3ciOiI0Y2NhNzJkIn0%3D\" href='https:\/\/kesh.ch\/wp-content\/uploads\/2024\/02\/PediatrieChatel1.jpg'><img loading=\"lazy\" decoding=\"async\" width=\"300\" height=\"200\" src=\"https:\/\/kesh.ch\/wp-content\/uploads\/2024\/02\/PediatrieChatel1-300x200.jpg\" class=\"attachment-medium size-medium\" alt=\"\" srcset=\"https:\/\/kesh.ch\/wp-content\/uploads\/2024\/02\/PediatrieChatel1-300x200.jpg 300w, https:\/\/kesh.ch\/wp-content\/uploads\/2024\/02\/PediatrieChatel1.jpg 600w\" sizes=\"(max-width: 300px) 100vw, 300px\" \/><\/a>\n\t\t\t<\/div><\/figure><figure class='gallery-item'>\n\t\t\t<div class='gallery-icon landscape'>\n\t\t\t\t<a data-elementor-open-lightbox=\"yes\" data-elementor-lightbox-slideshow=\"4cca72d\" data-elementor-lightbox-title=\"P\u00e9diatrieCh\u00e2tel9\" data-e-action-hash=\"#elementor-action%3Aaction%3Dlightbox%26settings%3DeyJpZCI6MzAwODAsInVybCI6Imh0dHBzOlwvXC9rZXNoLmNoXC93cC1jb250ZW50XC91cGxvYWRzXC8yMDI0XC8wMlwvUGVkaWF0cmllQ2hhdGVsOS5qcGciLCJzbGlkZXNob3ciOiI0Y2NhNzJkIn0%3D\" href='https:\/\/kesh.ch\/wp-content\/uploads\/2024\/02\/PediatrieChatel9.jpg'><img loading=\"lazy\" decoding=\"async\" width=\"300\" height=\"200\" src=\"https:\/\/kesh.ch\/wp-content\/uploads\/2024\/02\/PediatrieChatel9-300x200.jpg\" class=\"attachment-medium size-medium\" alt=\"\" srcset=\"https:\/\/kesh.ch\/wp-content\/uploads\/2024\/02\/PediatrieChatel9-300x200.jpg 300w, https:\/\/kesh.ch\/wp-content\/uploads\/2024\/02\/PediatrieChatel9.jpg 600w\" sizes=\"(max-width: 300px) 100vw, 300px\" \/><\/a>\n\t\t\t<\/div><\/figure><figure class='gallery-item'>\n\t\t\t<div class='gallery-icon landscape'>\n\t\t\t\t<a data-elementor-open-lightbox=\"yes\" data-elementor-lightbox-slideshow=\"4cca72d\" data-elementor-lightbox-title=\"P\u00e9diatrieCh\u00e2tel8\" data-e-action-hash=\"#elementor-action%3Aaction%3Dlightbox%26settings%3DeyJpZCI6MzAwNzksInVybCI6Imh0dHBzOlwvXC9rZXNoLmNoXC93cC1jb250ZW50XC91cGxvYWRzXC8yMDI0XC8wMlwvUGVkaWF0cmllQ2hhdGVsOC5qcGciLCJzbGlkZXNob3ciOiI0Y2NhNzJkIn0%3D\" href='https:\/\/kesh.ch\/wp-content\/uploads\/2024\/02\/PediatrieChatel8.jpg'><img loading=\"lazy\" decoding=\"async\" width=\"300\" height=\"200\" src=\"https:\/\/kesh.ch\/wp-content\/uploads\/2024\/02\/PediatrieChatel8-300x200.jpg\" class=\"attachment-medium size-medium\" alt=\"\" srcset=\"https:\/\/kesh.ch\/wp-content\/uploads\/2024\/02\/PediatrieChatel8-300x200.jpg 300w, https:\/\/kesh.ch\/wp-content\/uploads\/2024\/02\/PediatrieChatel8.jpg 600w\" sizes=\"(max-width: 300px) 100vw, 300px\" \/><\/a>\n\t\t\t<\/div><\/figure><figure class='gallery-item'>\n\t\t\t<div class='gallery-icon landscape'>\n\t\t\t\t<a data-elementor-open-lightbox=\"yes\" data-elementor-lightbox-slideshow=\"4cca72d\" data-elementor-lightbox-title=\"TertianumNature\" data-e-action-hash=\"#elementor-action%3Aaction%3Dlightbox%26settings%3DeyJpZCI6MzAwNTksInVybCI6Imh0dHBzOlwvXC9rZXNoLmNoXC93cC1jb250ZW50XC91cGxvYWRzXC8yMDI0XC8wMlwvVGVydGlhbnVtTmF0dXJlLmpwZyIsInNsaWRlc2hvdyI6IjRjY2E3MmQifQ%3D%3D\" href='https:\/\/kesh.ch\/wp-content\/uploads\/2024\/02\/TertianumNature.jpg'><img loading=\"lazy\" decoding=\"async\" width=\"300\" height=\"200\" src=\"https:\/\/kesh.ch\/wp-content\/uploads\/2024\/02\/TertianumNature-300x200.jpg\" class=\"attachment-medium size-medium\" alt=\"\" srcset=\"https:\/\/kesh.ch\/wp-content\/uploads\/2024\/02\/TertianumNature-300x200.jpg 300w, https:\/\/kesh.ch\/wp-content\/uploads\/2024\/02\/TertianumNature.jpg 600w\" sizes=\"(max-width: 300px) 100vw, 300px\" \/><\/a>\n\t\t\t<\/div><\/figure><figure class='gallery-item'>\n\t\t\t<div class='gallery-icon landscape'>\n\t\t\t\t<a data-elementor-open-lightbox=\"yes\" data-elementor-lightbox-slideshow=\"4cca72d\" data-elementor-lightbox-title=\"P\u00e9diatrieCh\u00e2tel6\" data-e-action-hash=\"#elementor-action%3Aaction%3Dlightbox%26settings%3DeyJpZCI6MzAwNzcsInVybCI6Imh0dHBzOlwvXC9rZXNoLmNoXC93cC1jb250ZW50XC91cGxvYWRzXC8yMDI0XC8wMlwvUGVkaWF0cmllQ2hhdGVsNi5qcGciLCJzbGlkZXNob3ciOiI0Y2NhNzJkIn0%3D\" href='https:\/\/kesh.ch\/wp-content\/uploads\/2024\/02\/PediatrieChatel6.jpg'><img loading=\"lazy\" decoding=\"async\" width=\"300\" height=\"200\" src=\"https:\/\/kesh.ch\/wp-content\/uploads\/2024\/02\/PediatrieChatel6-300x200.jpg\" class=\"attachment-medium size-medium\" alt=\"\" srcset=\"https:\/\/kesh.ch\/wp-content\/uploads\/2024\/02\/PediatrieChatel6-300x200.jpg 300w, https:\/\/kesh.ch\/wp-content\/uploads\/2024\/02\/PediatrieChatel6.jpg 600w\" sizes=\"(max-width: 300px) 100vw, 300px\" \/><\/a>\n\t\t\t<\/div><\/figure><figure class='gallery-item'>\n\t\t\t<div class='gallery-icon landscape'>\n\t\t\t\t<a data-elementor-open-lightbox=\"yes\" data-elementor-lightbox-slideshow=\"4cca72d\" data-elementor-lightbox-title=\"P\u00e9diatrieCh\u00e2tel7\" data-e-action-hash=\"#elementor-action%3Aaction%3Dlightbox%26settings%3DeyJpZCI6MzAwNzgsInVybCI6Imh0dHBzOlwvXC9rZXNoLmNoXC93cC1jb250ZW50XC91cGxvYWRzXC8yMDI0XC8wMlwvUGVkaWF0cmllQ2hhdGVsNy5qcGciLCJzbGlkZXNob3ciOiI0Y2NhNzJkIn0%3D\" href='https:\/\/kesh.ch\/wp-content\/uploads\/2024\/02\/PediatrieChatel7.jpg'><img loading=\"lazy\" decoding=\"async\" width=\"300\" height=\"200\" src=\"https:\/\/kesh.ch\/wp-content\/uploads\/2024\/02\/PediatrieChatel7-300x200.jpg\" class=\"attachment-medium size-medium\" alt=\"\" srcset=\"https:\/\/kesh.ch\/wp-content\/uploads\/2024\/02\/PediatrieChatel7-300x200.jpg 300w, https:\/\/kesh.ch\/wp-content\/uploads\/2024\/02\/PediatrieChatel7.jpg 600w\" sizes=\"(max-width: 300px) 100vw, 300px\" \/><\/a>\n\t\t\t<\/div><\/figure>\n\t\t<\/div>\n\t\t<\/div>\n\t\t\t\t\t\t<\/div>\n\t\t\t\t<\/div>\n\t\t\t\t\t<\/div>\n\t\t<\/div>\n\t\t\t\t\t<\/div>\n\t\t<\/section>\n\t\t\t\t<section class=\"elementor-section elementor-top-section elementor-element elementor-element-0d4a826 elementor-section-boxed elementor-section-height-default elementor-section-height-default\" data-id=\"0d4a826\" data-element_type=\"section\">\n\t\t\t\t\t\t<div class=\"elementor-container elementor-column-gap-default\">\n\t\t\t\t\t<div class=\"elementor-column elementor-col-100 elementor-top-column elementor-element elementor-element-2bcbc8a\" data-id=\"2bcbc8a\" data-element_type=\"column\">\n\t\t\t<div class=\"elementor-widget-wrap\">\n\t\t\t\t\t\t\t<\/div>\n\t\t<\/div>\n\t\t\t\t\t<\/div>\n\t\t<\/section>\n\t\t\t\t<\/div>\n\t\t","protected":false},"excerpt":{"rendered":"<p>Portfolio Etablissement M\u00e9dical Apportez une ambiance de bien-\u00eatre et de s\u00e9r\u00e9nit\u00e9 dans vos salles d&rsquo;attente, de consultations ou d&rsquo;examens. Faites la diff\u00e9rence dans votre clinique ou h\u00f4pital en privil\u00e9giant une d\u00e9coration \u00e0 la fois artistique et apaisante. Mes r\u00e9alisation sont ex\u00e9cut\u00e9es avec des produits \u00e0 l&rsquo;eau et sans odeurs ce qui me permets de travailler [&hellip;]<\/p>\n","protected":false},"author":1,"featured_media":0,"parent":0,"menu_order":0,"comment_status":"closed","ping_status":"closed","template":"","meta":{"site-sidebar-layout":"no-sidebar","site-content-layout":"page-builder","ast-site-content-layout":"default","site-content-style":"default","site-sidebar-style":"default","ast-global-header-display":"","ast-banner-title-visibility":"","ast-main-header-display":"","ast-hfb-above-header-display":"","ast-hfb-below-header-display":"","ast-hfb-mobile-header-display":"","site-post-title":"disabled","ast-breadcrumbs-content":"","ast-featured-img":"disabled","footer-sml-layout":"","ast-disable-related-posts":"","theme-transparent-header-meta":"","adv-header-id-meta":"","stick-header-meta":"","header-above-stick-meta":"","header-main-stick-meta":"","header-below-stick-meta":"","astra-migrate-meta-layouts":"default","ast-page-background-enabled":"default","ast-page-background-meta":{"desktop":{"background-color":"var(--ast-global-color-4)","background-image":"","background-repeat":"repeat","background-position":"center center","background-size":"auto","background-attachment":"scroll","background-type":"","background-media":"","overlay-type":"","overlay-color":"","overlay-opacity":"","overlay-gradient":""},"tablet":{"background-color":"","background-image":"","background-repeat":"repeat","background-position":"center center","background-size":"auto","background-attachment":"scroll","background-type":"","background-media":"","overlay-type":"","overlay-color":"","overlay-opacity":"","overlay-gradient":""},"mobile":{"background-color":"","background-image":"","background-repeat":"repeat","background-position":"center center","background-size":"auto","background-attachment":"scroll","background-type":"","background-media":"","overlay-type":"","overlay-color":"","overlay-opacity":"","overlay-gradient":""}},"ast-content-background-meta":{"desktop":{"background-color":"var(--ast-global-color-5)","background-image":"","background-repeat":"repeat","background-position":"center center","background-size":"auto","background-attachment":"scroll","background-type":"","background-media":"","overlay-type":"","overlay-color":"","overlay-opacity":"","overlay-gradient":""},"tablet":{"background-color":"var(--ast-global-color-5)","background-image":"","background-repeat":"repeat","background-position":"center center","background-size":"auto","background-attachment":"scroll","background-type":"","background-media":"","overlay-type":"","overlay-color":"","overlay-opacity":"","overlay-gradient":""},"mobile":{"background-color":"var(--ast-global-color-5)","background-image":"","background-repeat":"repeat","background-position":"center center","background-size":"auto","background-attachment":"scroll","background-type":"","background-media":"","overlay-type":"","overlay-color":"","overlay-opacity":"","overlay-gradient":""}},"footnotes":""},"class_list":["post-29192","page","type-page","status-publish","hentry"],"_links":{"self":[{"href":"https:\/\/kesh.ch\/accueil\/wp-json\/wp\/v2\/pages\/29192","targetHints":{"allow":["GET"]}}],"collection":[{"href":"https:\/\/kesh.ch\/accueil\/wp-json\/wp\/v2\/pages"}],"about":[{"href":"https:\/\/kesh.ch\/accueil\/wp-json\/wp\/v2\/types\/page"}],"author":[{"embeddable":true,"href":"https:\/\/kesh.ch\/accueil\/wp-json\/wp\/v2\/users\/1"}],"replies":[{"embeddable":true,"href":"https:\/\/kesh.ch\/accueil\/wp-json\/wp\/v2\/comments?post=29192"}],"version-history":[{"count":33,"href":"https:\/\/kesh.ch\/accueil\/wp-json\/wp\/v2\/pages\/29192\/revisions"}],"predecessor-version":[{"id":30083,"href":"https:\/\/kesh.ch\/accueil\/wp-json\/wp\/v2\/pages\/29192\/revisions\/30083"}],"wp:attachment":[{"href":"https:\/\/kesh.ch\/accueil\/wp-json\/wp\/v2\/media?parent=29192"}],"curies":[{"name":"wp","href":"https:\/\/api.w.org\/{rel}","templated":true}]}}