{"id":28857,"date":"2022-07-05T19:05:25","date_gmt":"2022-07-05T17:05:25","guid":{"rendered":"https:\/\/new.kesh.ch\/?page_id=28857"},"modified":"2024-02-23T15:03:12","modified_gmt":"2024-02-23T14:03:12","slug":"a-propos","status":"publish","type":"page","link":"https:\/\/kesh.ch\/accueil\/a-propos\/","title":{"rendered":"A PROPOS"},"content":{"rendered":"\t\t<div data-elementor-type=\"wp-page\" data-elementor-id=\"28857\" class=\"elementor elementor-28857\">\n\t\t\t\t\t\t<section class=\"elementor-section elementor-top-section elementor-element elementor-element-64c8a4d9 elementor-section-height-min-height elementor-section-items-stretch elementor-section-content-bottom elementor-reverse-tablet elementor-section-boxed elementor-section-height-default\" data-id=\"64c8a4d9\" data-element_type=\"section\" data-settings=\"{&quot;background_background&quot;:&quot;classic&quot;}\">\n\t\t\t\t\t\t<div class=\"elementor-container elementor-column-gap-no\">\n\t\t\t\t\t<div class=\"elementor-column elementor-col-50 elementor-top-column elementor-element elementor-element-5e91568e\" data-id=\"5e91568e\" data-element_type=\"column\">\n\t\t\t<div class=\"elementor-widget-wrap elementor-element-populated\">\n\t\t\t\t\t\t<div class=\"elementor-element elementor-element-32eb81e elementor-invisible elementor-widget elementor-widget-image\" data-id=\"32eb81e\" data-element_type=\"widget\" data-settings=\"{&quot;_animation&quot;:&quot;fadeInLeft&quot;}\" data-widget_type=\"image.default\">\n\t\t\t\t<div class=\"elementor-widget-container\">\n\t\t\t\t\t\t\t\t\t\t\t\t\t\t\t<img fetchpriority=\"high\" decoding=\"async\" width=\"960\" height=\"960\" src=\"https:\/\/kesh.ch\/wp-content\/uploads\/2022\/07\/waterbased.jpg\" class=\"attachment-large size-large wp-image-28860\" alt=\"\" srcset=\"https:\/\/kesh.ch\/wp-content\/uploads\/2022\/07\/waterbased.jpg 960w, https:\/\/kesh.ch\/wp-content\/uploads\/2022\/07\/waterbased-300x300.jpg 300w, https:\/\/kesh.ch\/wp-content\/uploads\/2022\/07\/waterbased-100x100.jpg 100w, https:\/\/kesh.ch\/wp-content\/uploads\/2022\/07\/waterbased-600x600.jpg 600w, https:\/\/kesh.ch\/wp-content\/uploads\/2022\/07\/waterbased-150x150.jpg 150w, https:\/\/kesh.ch\/wp-content\/uploads\/2022\/07\/waterbased-768x768.jpg 768w\" sizes=\"(max-width: 960px) 100vw, 960px\" \/>\t\t\t\t\t\t\t\t\t\t\t\t\t\t\t<\/div>\n\t\t\t\t<\/div>\n\t\t\t\t<div class=\"elementor-element elementor-element-9bfce4e elementor-hidden-tablet elementor-hidden-mobile elementor-invisible elementor-widget elementor-widget-image\" data-id=\"9bfce4e\" data-element_type=\"widget\" data-settings=\"{&quot;_animation&quot;:&quot;slideInRight&quot;}\" data-widget_type=\"image.default\">\n\t\t\t\t<div class=\"elementor-widget-container\">\n\t\t\t\t\t\t\t\t\t\t\t\t\t\t\t<img decoding=\"async\" width=\"640\" height=\"640\" src=\"https:\/\/kesh.ch\/wp-content\/uploads\/2022\/07\/watbase.jpg\" class=\"attachment-large size-large wp-image-28861\" alt=\"\" srcset=\"https:\/\/kesh.ch\/wp-content\/uploads\/2022\/07\/watbase.jpg 640w, https:\/\/kesh.ch\/wp-content\/uploads\/2022\/07\/watbase-300x300.jpg 300w, https:\/\/kesh.ch\/wp-content\/uploads\/2022\/07\/watbase-100x100.jpg 100w, https:\/\/kesh.ch\/wp-content\/uploads\/2022\/07\/watbase-600x600.jpg 600w, https:\/\/kesh.ch\/wp-content\/uploads\/2022\/07\/watbase-150x150.jpg 150w\" sizes=\"(max-width: 640px) 100vw, 640px\" \/>\t\t\t\t\t\t\t\t\t\t\t\t\t\t\t<\/div>\n\t\t\t\t<\/div>\n\t\t\t\t\t<\/div>\n\t\t<\/div>\n\t\t\t\t<div class=\"elementor-column elementor-col-50 elementor-top-column elementor-element elementor-element-17a77129\" data-id=\"17a77129\" data-element_type=\"column\" data-settings=\"{&quot;background_background&quot;:&quot;classic&quot;}\">\n\t\t\t<div class=\"elementor-widget-wrap elementor-element-populated\">\n\t\t\t\t\t\t<div class=\"elementor-element elementor-element-76a0ffe5 elementor-invisible elementor-widget elementor-widget-heading\" data-id=\"76a0ffe5\" data-element_type=\"widget\" data-settings=\"{&quot;_animation&quot;:&quot;fadeInUp&quot;,&quot;_animation_delay&quot;:200}\" data-widget_type=\"heading.default\">\n\t\t\t\t<div class=\"elementor-widget-container\">\n\t\t\t\t\t<h1 class=\"elementor-heading-title elementor-size-default\">Produits sans odeur et non toxiques\u200b<\/h1>\t\t\t\t<\/div>\n\t\t\t\t<\/div>\n\t\t\t\t<div class=\"elementor-element elementor-element-35395c2c elementor-invisible elementor-widget elementor-widget-text-editor\" data-id=\"35395c2c\" data-element_type=\"widget\" data-settings=\"{&quot;_animation&quot;:&quot;fadeInUp&quot;,&quot;_animation_delay&quot;:400}\" data-widget_type=\"text-editor.default\">\n\t\t\t\t<div class=\"elementor-widget-container\">\n\t\t\t\t\t\t\t\t\t<p>Soucieux de votre sant\u00e9 et de l\u2019environnement, je peins avec des peintures pour a\u00e9rographe \u00e0 l&rsquo;eau ainsi qu&rsquo;avec les sprays \u00ab Water Based \u00bb de chez Montana Color et Amsterdam. Fini les odeurs d\u00e9sagr\u00e9ables, vous ne sentirez pas ma pr\u00e9sence!&nbsp;<\/p>\t\t\t\t\t\t\t\t<\/div>\n\t\t\t\t<\/div>\n\t\t\t\t<div class=\"elementor-element elementor-element-4d3486e3 elementor-widget__width-initial elementor-widget-tablet__width-inherit elementor-widget-mobile__width-inherit elementor-absolute elementor-widget elementor-widget-spacer\" data-id=\"4d3486e3\" data-element_type=\"widget\" data-settings=\"{&quot;_position&quot;:&quot;absolute&quot;}\" data-widget_type=\"spacer.default\">\n\t\t\t\t<div class=\"elementor-widget-container\">\n\t\t\t\t\t\t\t<div class=\"elementor-spacer\">\n\t\t\t<div class=\"elementor-spacer-inner\"><\/div>\n\t\t<\/div>\n\t\t\t\t\t\t<\/div>\n\t\t\t\t<\/div>\n\t\t\t\t\t<\/div>\n\t\t<\/div>\n\t\t\t\t\t<\/div>\n\t\t<\/section>\n\t\t\t\t<section class=\"elementor-section elementor-top-section elementor-element elementor-element-33c0f282 elementor-section-full_width elementor-section-height-min-height elementor-section-items-stretch elementor-section-content-middle elementor-section-height-default\" data-id=\"33c0f282\" data-element_type=\"section\">\n\t\t\t\t\t\t<div class=\"elementor-container elementor-column-gap-no\">\n\t\t\t\t\t<div class=\"elementor-column elementor-col-100 elementor-top-column elementor-element elementor-element-1ed8e34e\" data-id=\"1ed8e34e\" data-element_type=\"column\">\n\t\t\t<div class=\"elementor-widget-wrap elementor-element-populated\">\n\t\t\t\t\t\t<div class=\"elementor-element elementor-element-394b5745 elementor-widget__width-auto elementor-absolute elementor-invisible elementor-widget elementor-widget-image\" data-id=\"394b5745\" data-element_type=\"widget\" data-settings=\"{&quot;_animation&quot;:&quot;slideInLeft&quot;,&quot;_position&quot;:&quot;absolute&quot;}\" data-widget_type=\"image.default\">\n\t\t\t\t<div class=\"elementor-widget-container\">\n\t\t\t\t\t\t\t\t\t\t\t\t\t\t\t<img decoding=\"async\" width=\"400\" height=\"600\" src=\"https:\/\/kesh.ch\/wp-content\/uploads\/2022\/07\/FondMarin6.jpg\" class=\"attachment-large size-large wp-image-28859\" alt=\"\" srcset=\"https:\/\/kesh.ch\/wp-content\/uploads\/2022\/07\/FondMarin6.jpg 400w, https:\/\/kesh.ch\/wp-content\/uploads\/2022\/07\/FondMarin6-200x300.jpg 200w\" sizes=\"(max-width: 400px) 100vw, 400px\" \/>\t\t\t\t\t\t\t\t\t\t\t\t\t\t\t<\/div>\n\t\t\t\t<\/div>\n\t\t\t\t<div class=\"elementor-element elementor-element-7834882e elementor-widget__width-auto elementor-absolute elementor-invisible elementor-widget elementor-widget-image\" data-id=\"7834882e\" data-element_type=\"widget\" data-settings=\"{&quot;_animation&quot;:&quot;slideInRight&quot;,&quot;_animation_delay&quot;:200,&quot;_position&quot;:&quot;absolute&quot;}\" data-widget_type=\"image.default\">\n\t\t\t\t<div class=\"elementor-widget-container\">\n\t\t\t\t\t\t\t\t\t\t\t\t\t\t\t<img loading=\"lazy\" decoding=\"async\" width=\"400\" height=\"600\" src=\"https:\/\/kesh.ch\/wp-content\/uploads\/2022\/07\/FondMarin5.jpg\" class=\"attachment-large size-large wp-image-28863\" alt=\"\" srcset=\"https:\/\/kesh.ch\/wp-content\/uploads\/2022\/07\/FondMarin5.jpg 400w, https:\/\/kesh.ch\/wp-content\/uploads\/2022\/07\/FondMarin5-200x300.jpg 200w\" sizes=\"(max-width: 400px) 100vw, 400px\" \/>\t\t\t\t\t\t\t\t\t\t\t\t\t\t\t<\/div>\n\t\t\t\t<\/div>\n\t\t\t\t<section class=\"elementor-section elementor-inner-section elementor-element elementor-element-95dc55f elementor-section-height-min-height elementor-section-content-middle elementor-section-boxed elementor-section-height-default\" data-id=\"95dc55f\" data-element_type=\"section\" data-settings=\"{&quot;background_background&quot;:&quot;classic&quot;}\">\n\t\t\t\t\t\t<div class=\"elementor-container elementor-column-gap-no\">\n\t\t\t\t\t<div class=\"elementor-column elementor-col-100 elementor-inner-column elementor-element elementor-element-4dfeafb8\" data-id=\"4dfeafb8\" data-element_type=\"column\">\n\t\t\t<div class=\"elementor-widget-wrap elementor-element-populated\">\n\t\t\t\t\t\t<div class=\"elementor-element elementor-element-28673307 elementor-invisible elementor-widget elementor-widget-heading\" data-id=\"28673307\" data-element_type=\"widget\" data-settings=\"{&quot;_animation&quot;:&quot;fadeIn&quot;}\" data-widget_type=\"heading.default\">\n\t\t\t\t<div class=\"elementor-widget-container\">\n\t\t\t\t\t<h2 class=\"elementor-heading-title elementor-size-default\">La qualit\u00e9 avant tout\n<\/h2>\t\t\t\t<\/div>\n\t\t\t\t<\/div>\n\t\t\t\t<div class=\"elementor-element elementor-element-323dde69 elementor-invisible elementor-widget elementor-widget-text-editor\" data-id=\"323dde69\" data-element_type=\"widget\" data-settings=\"{&quot;_animation&quot;:&quot;fadeIn&quot;,&quot;_animation_delay&quot;:200}\" data-widget_type=\"text-editor.default\">\n\t\t\t\t<div class=\"elementor-widget-container\">\n\t\t\t\t\t\t\t\t\t<p>Je suis un artiste qui a \u00e0 c\u0153ur de fournir une haute qualit\u00e9 d&rsquo;ex\u00e9cution, cela est m\u00eame ma priorit\u00e9. Pour chaque \u0153uvre, je m&rsquo;engage \u00e0 donner le meilleur de moi-m\u00eame. De mon point vue, si vous devez vivre avec une peinture 365 jours par an, il est pr\u00e9f\u00e9rable d\u2019investir dans un travail de qualit\u00e9 et de finition irr\u00e9prochable.<\/p>\t\t\t\t\t\t\t\t<\/div>\n\t\t\t\t<\/div>\n\t\t\t\t\t<\/div>\n\t\t<\/div>\n\t\t\t\t\t<\/div>\n\t\t<\/section>\n\t\t\t\t\t<\/div>\n\t\t<\/div>\n\t\t\t\t\t<\/div>\n\t\t<\/section>\n\t\t\t\t<section class=\"elementor-section elementor-top-section elementor-element elementor-element-926efb7 elementor-section-boxed elementor-section-height-default elementor-section-height-default\" data-id=\"926efb7\" data-element_type=\"section\">\n\t\t\t\t\t\t<div class=\"elementor-container elementor-column-gap-default\">\n\t\t\t\t\t<div class=\"elementor-column elementor-col-100 elementor-top-column elementor-element elementor-element-39e1f60\" data-id=\"39e1f60\" data-element_type=\"column\">\n\t\t\t<div class=\"elementor-widget-wrap elementor-element-populated\">\n\t\t\t\t\t\t<div class=\"elementor-element elementor-element-09108fa elementor-widget elementor-widget-spacer\" data-id=\"09108fa\" data-element_type=\"widget\" data-widget_type=\"spacer.default\">\n\t\t\t\t<div class=\"elementor-widget-container\">\n\t\t\t\t\t\t\t<div class=\"elementor-spacer\">\n\t\t\t<div class=\"elementor-spacer-inner\"><\/div>\n\t\t<\/div>\n\t\t\t\t\t\t<\/div>\n\t\t\t\t<\/div>\n\t\t\t\t<div class=\"elementor-element elementor-element-e72a6f5 elementor-invisible elementor-widget elementor-widget-image\" data-id=\"e72a6f5\" data-element_type=\"widget\" data-settings=\"{&quot;_animation&quot;:&quot;fadeInRight&quot;}\" data-widget_type=\"image.default\">\n\t\t\t\t<div class=\"elementor-widget-container\">\n\t\t\t\t\t\t\t\t\t\t\t\t\t\t\t<img loading=\"lazy\" decoding=\"async\" width=\"241\" height=\"300\" src=\"https:\/\/kesh.ch\/wp-content\/uploads\/2022\/07\/lovegraffit-241x300.jpg\" class=\"attachment-medium size-medium wp-image-28866\" alt=\"\" srcset=\"https:\/\/kesh.ch\/wp-content\/uploads\/2022\/07\/lovegraffit-241x300.jpg 241w, https:\/\/kesh.ch\/wp-content\/uploads\/2022\/07\/lovegraffit-600x746.jpg 600w, https:\/\/kesh.ch\/wp-content\/uploads\/2022\/07\/lovegraffit-824x1024.jpg 824w, https:\/\/kesh.ch\/wp-content\/uploads\/2022\/07\/lovegraffit-768x955.jpg 768w, https:\/\/kesh.ch\/wp-content\/uploads\/2022\/07\/lovegraffit-1236x1536.jpg 1236w, https:\/\/kesh.ch\/wp-content\/uploads\/2022\/07\/lovegraffit-1648x2048.jpg 1648w, https:\/\/kesh.ch\/wp-content\/uploads\/2022\/07\/elementor\/thumbs\/lovegraffit-prbsfbz16nflepskbs7ga4ophltmte2piq0wzgld3m.jpg 300w, https:\/\/kesh.ch\/wp-content\/uploads\/2022\/07\/lovegraffit.jpg 1975w\" sizes=\"(max-width: 241px) 100vw, 241px\" \/>\t\t\t\t\t\t\t\t\t\t\t\t\t\t\t<\/div>\n\t\t\t\t<\/div>\n\t\t\t\t\t<\/div>\n\t\t<\/div>\n\t\t\t\t\t<\/div>\n\t\t<\/section>\n\t\t\t\t<section class=\"elementor-section elementor-top-section elementor-element elementor-element-81b3655 elementor-section-boxed elementor-section-height-default elementor-section-height-default\" data-id=\"81b3655\" data-element_type=\"section\">\n\t\t\t\t\t\t<div class=\"elementor-container elementor-column-gap-default\">\n\t\t\t\t\t<div class=\"elementor-column elementor-col-33 elementor-top-column elementor-element elementor-element-57d4069\" data-id=\"57d4069\" data-element_type=\"column\">\n\t\t\t<div class=\"elementor-widget-wrap elementor-element-populated\">\n\t\t\t\t\t\t<div class=\"elementor-element elementor-element-7a5a3dc elementor-widget elementor-widget-heading\" data-id=\"7a5a3dc\" data-element_type=\"widget\" data-widget_type=\"heading.default\">\n\t\t\t\t<div class=\"elementor-widget-container\">\n\t\t\t\t\t<h2 class=\"elementor-heading-title elementor-size-default\">Qui est  Kesh ?<\/h2>\t\t\t\t<\/div>\n\t\t\t\t<\/div>\n\t\t\t\t<div class=\"elementor-element elementor-element-c8084aa elementor-widget elementor-widget-text-editor\" data-id=\"c8084aa\" data-element_type=\"widget\" data-widget_type=\"text-editor.default\">\n\t\t\t\t<div class=\"elementor-widget-container\">\n\t\t\t\t\t\t\t\t\t<ul><li>Un quarantenaire avec un grain de folie<\/li><li>Un grand coeur avec une vision solaire de la vie<\/li><li>Un artiste sympa qui aspire \u00e0 remplir le monde et vos yeux de beaut\u00e9<\/li><li>Un professionnel avec plus de 20 ans d&rsquo;exp\u00e9rience dans l&rsquo;art du graffiti et du trompe l&rsquo;oeil<\/li><li>Un peintre avec la t\u00eate dans les \u00e9toiles et les pieds ancr\u00e9s \u00e0 la terre<\/li><li>Votre meilleur compagnon pour mat\u00e9rialiser vos r\u00eaves<\/li><\/ul>\t\t\t\t\t\t\t\t<\/div>\n\t\t\t\t<\/div>\n\t\t\t\t\t<\/div>\n\t\t<\/div>\n\t\t\t\t<div class=\"elementor-column elementor-col-66 elementor-top-column elementor-element elementor-element-23a02cf\" data-id=\"23a02cf\" data-element_type=\"column\">\n\t\t\t<div class=\"elementor-widget-wrap elementor-element-populated\">\n\t\t\t\t\t\t<div class=\"elementor-element elementor-element-0f33dda elementor-widget elementor-widget-image\" data-id=\"0f33dda\" data-element_type=\"widget\" data-widget_type=\"image.default\">\n\t\t\t\t<div class=\"elementor-widget-container\">\n\t\t\t\t\t\t\t\t\t\t\t\t\t\t\t<img decoding=\"async\" src=\"https:\/\/kesh.ch\/wp-content\/uploads\/elementor\/thumbs\/kesh-prbnzih0tb17yqrr1ilr52hgedlfx2o2gnmhocmc7g.jpg\" title=\"kesh\" alt=\"kesh\" loading=\"lazy\" \/>\t\t\t\t\t\t\t\t\t\t\t\t\t\t\t<\/div>\n\t\t\t\t<\/div>\n\t\t\t\t\t<\/div>\n\t\t<\/div>\n\t\t\t\t\t<\/div>\n\t\t<\/section>\n\t\t\t\t<section class=\"elementor-section elementor-top-section elementor-element elementor-element-72d4bbf elementor-section-boxed elementor-section-height-default elementor-section-height-default\" data-id=\"72d4bbf\" data-element_type=\"section\">\n\t\t\t\t\t\t<div class=\"elementor-container elementor-column-gap-default\">\n\t\t\t\t\t<div class=\"elementor-column elementor-col-100 elementor-top-column elementor-element elementor-element-1629aa8\" data-id=\"1629aa8\" data-element_type=\"column\">\n\t\t\t<div class=\"elementor-widget-wrap elementor-element-populated\">\n\t\t\t\t\t\t<div class=\"elementor-element elementor-element-50dd1f4 elementor-widget elementor-widget-spacer\" data-id=\"50dd1f4\" data-element_type=\"widget\" data-widget_type=\"spacer.default\">\n\t\t\t\t<div class=\"elementor-widget-container\">\n\t\t\t\t\t\t\t<div class=\"elementor-spacer\">\n\t\t\t<div class=\"elementor-spacer-inner\"><\/div>\n\t\t<\/div>\n\t\t\t\t\t\t<\/div>\n\t\t\t\t<\/div>\n\t\t\t\t\t<\/div>\n\t\t<\/div>\n\t\t\t\t\t<\/div>\n\t\t<\/section>\n\t\t\t\t<\/div>\n\t\t","protected":false},"excerpt":{"rendered":"<p>Produits sans odeur et non toxiques\u200b Soucieux de votre sant\u00e9 et de l\u2019environnement, je peins avec des peintures pour a\u00e9rographe \u00e0 l&rsquo;eau ainsi qu&rsquo;avec les sprays \u00ab Water Based \u00bb de chez Montana Color et Amsterdam. Fini les odeurs d\u00e9sagr\u00e9ables, vous ne sentirez pas ma pr\u00e9sence!&nbsp; La qualit\u00e9 avant tout Je suis un artiste qui [&hellip;]<\/p>\n","protected":false},"author":1,"featured_media":0,"parent":0,"menu_order":0,"comment_status":"closed","ping_status":"closed","template":"","meta":{"site-sidebar-layout":"no-sidebar","site-content-layout":"page-builder","ast-site-content-layout":"default","site-content-style":"default","site-sidebar-style":"default","ast-global-header-display":"","ast-banner-title-visibility":"","ast-main-header-display":"","ast-hfb-above-header-display":"","ast-hfb-below-header-display":"","ast-hfb-mobile-header-display":"","site-post-title":"disabled","ast-breadcrumbs-content":"","ast-featured-img":"disabled","footer-sml-layout":"","ast-disable-related-posts":"","theme-transparent-header-meta":"","adv-header-id-meta":"","stick-header-meta":"","header-above-stick-meta":"","header-main-stick-meta":"","header-below-stick-meta":"","astra-migrate-meta-layouts":"default","ast-page-background-enabled":"default","ast-page-background-meta":{"desktop":{"background-color":"var(--ast-global-color-4)","background-image":"","background-repeat":"repeat","background-position":"center center","background-size":"auto","background-attachment":"scroll","background-type":"","background-media":"","overlay-type":"","overlay-color":"","overlay-opacity":"","overlay-gradient":""},"tablet":{"background-color":"","background-image":"","background-repeat":"repeat","background-position":"center center","background-size":"auto","background-attachment":"scroll","background-type":"","background-media":"","overlay-type":"","overlay-color":"","overlay-opacity":"","overlay-gradient":""},"mobile":{"background-color":"","background-image":"","background-repeat":"repeat","background-position":"center center","background-size":"auto","background-attachment":"scroll","background-type":"","background-media":"","overlay-type":"","overlay-color":"","overlay-opacity":"","overlay-gradient":""}},"ast-content-background-meta":{"desktop":{"background-color":"var(--ast-global-color-5)","background-image":"","background-repeat":"repeat","background-position":"center center","background-size":"auto","background-attachment":"scroll","background-type":"","background-media":"","overlay-type":"","overlay-color":"","overlay-opacity":"","overlay-gradient":""},"tablet":{"background-color":"var(--ast-global-color-5)","background-image":"","background-repeat":"repeat","background-position":"center center","background-size":"auto","background-attachment":"scroll","background-type":"","background-media":"","overlay-type":"","overlay-color":"","overlay-opacity":"","overlay-gradient":""},"mobile":{"background-color":"var(--ast-global-color-5)","background-image":"","background-repeat":"repeat","background-position":"center center","background-size":"auto","background-attachment":"scroll","background-type":"","background-media":"","overlay-type":"","overlay-color":"","overlay-opacity":"","overlay-gradient":""}},"footnotes":""},"class_list":["post-28857","page","type-page","status-publish","hentry"],"_links":{"self":[{"href":"https:\/\/kesh.ch\/accueil\/wp-json\/wp\/v2\/pages\/28857","targetHints":{"allow":["GET"]}}],"collection":[{"href":"https:\/\/kesh.ch\/accueil\/wp-json\/wp\/v2\/pages"}],"about":[{"href":"https:\/\/kesh.ch\/accueil\/wp-json\/wp\/v2\/types\/page"}],"author":[{"embeddable":true,"href":"https:\/\/kesh.ch\/accueil\/wp-json\/wp\/v2\/users\/1"}],"replies":[{"embeddable":true,"href":"https:\/\/kesh.ch\/accueil\/wp-json\/wp\/v2\/comments?post=28857"}],"version-history":[{"count":69,"href":"https:\/\/kesh.ch\/accueil\/wp-json\/wp\/v2\/pages\/28857\/revisions"}],"predecessor-version":[{"id":30174,"href":"https:\/\/kesh.ch\/accueil\/wp-json\/wp\/v2\/pages\/28857\/revisions\/30174"}],"wp:attachment":[{"href":"https:\/\/kesh.ch\/accueil\/wp-json\/wp\/v2\/media?parent=28857"}],"curies":[{"name":"wp","href":"https:\/\/api.w.org\/{rel}","templated":true}]}}